{"id":11,"date":"2017-07-10T09:27:56","date_gmt":"2017-07-10T08:27:56","guid":{"rendered":"https:\/\/www.ultraseal-impregnation.com\/?page_id=11"},"modified":"2025-04-14T14:25:25","modified_gmt":"2025-04-14T12:25:25","slug":"formtrennmittel","status":"publish","type":"page","link":"https:\/\/www.ultraseal-impregnation.com\/de\/formtrennmittel\/","title":{"rendered":"Formtrennmittel"},"content":{"rendered":"<p><span style=\"width: 0px;overflow: hidden;line-height: 0\" data-mce-type=\"bookmark\" class=\"mce_SELRES_start\">\ufeff<\/span><\/p>\n","protected":false},"excerpt":{"rendered":"<p>Die wasserfreien Lubrolene-Formtrennmittel-Produkte und -Technologien sorgen f\u00fcr optimale Trennung f\u00fcr Druckgussteile von Motoren und Fahrzeugen.<\/p>\n","protected":false},"author":1,"featured_media":0,"parent":0,"menu_order":0,"comment_status":"closed","ping_status":"closed","template":"","meta":{"footnotes":""},"class_list":["post-11","page","type-page","status-publish","hentry"],"yoast_head":"<!-- This site is optimized with the Yoast SEO plugin v27.2 - https:\/\/yoast.com\/product\/yoast-seo-wordpress\/ -->\n<title>Wasserfreie Formtrennmittel und Technologie | Ultraseal International<\/title>\n<meta name=\"description\" content=\"Die wasserfreien Formtrennmittel-Produkte und das die elektrostatische Spray-Technologie der Lubrolene-Serie erm\u00f6glichen optimale Trennung f\u00fcr Druckgussteile von Motoren, Antriebsstr\u00e4ngen und Fahrzeugen.\" \/>\n<meta name=\"robots\" content=\"index, follow, max-snippet:-1, max-image-preview:large, max-video-preview:-1\" \/>\n<link rel=\"canonical\" href=\"https:\/\/www.ultraseal-impregnation.com\/de\/formtrennmittel\/\" \/>\n<meta property=\"og:locale\" content=\"de_DE\" \/>\n<meta property=\"og:type\" content=\"article\" \/>\n<meta property=\"og:title\" content=\"Wasserfreie Formtrennmittel und Technologie | Ultraseal International\" \/>\n<meta property=\"og:description\" content=\"Die wasserfreien Formtrennmittel-Produkte und das die elektrostatische Spray-Technologie der Lubrolene-Serie erm\u00f6glichen optimale Trennung f\u00fcr Druckgussteile von Motoren, Antriebsstr\u00e4ngen und Fahrzeugen.\" \/>\n<meta property=\"og:url\" content=\"https:\/\/www.ultraseal-impregnation.com\/de\/formtrennmittel\/\" \/>\n<meta property=\"og:site_name\" content=\"DE\" \/>\n<meta property=\"article:modified_time\" content=\"2025-04-14T12:25:25+00:00\" \/>\n<meta name=\"twitter:card\" content=\"summary_large_image\" \/>\n<script type=\"application\/ld+json\" class=\"yoast-schema-graph\">{\"@context\":\"https:\/\/schema.org\",\"@graph\":[{\"@type\":\"WebPage\",\"@id\":\"https:\/\/www.ultraseal-impregnation.com\/de\/formtrennmittel\/\",\"url\":\"https:\/\/www.ultraseal-impregnation.com\/de\/formtrennmittel\/\",\"name\":\"Wasserfreie Formtrennmittel und Technologie | Ultraseal International\",\"isPartOf\":{\"@id\":\"https:\/\/www.ultraseal-impregnation.com\/de\/#website\"},\"datePublished\":\"2017-07-10T08:27:56+00:00\",\"dateModified\":\"2025-04-14T12:25:25+00:00\",\"description\":\"Die wasserfreien Formtrennmittel-Produkte und das die elektrostatische Spray-Technologie der Lubrolene-Serie erm\u00f6glichen optimale Trennung f\u00fcr Druckgussteile von Motoren, Antriebsstr\u00e4ngen und Fahrzeugen.\",\"breadcrumb\":{\"@id\":\"https:\/\/www.ultraseal-impregnation.com\/de\/formtrennmittel\/#breadcrumb\"},\"inLanguage\":\"de\",\"potentialAction\":[{\"@type\":\"ReadAction\",\"target\":[\"https:\/\/www.ultraseal-impregnation.com\/de\/formtrennmittel\/\"]}]},{\"@type\":\"BreadcrumbList\",\"@id\":\"https:\/\/www.ultraseal-impregnation.com\/de\/formtrennmittel\/#breadcrumb\",\"itemListElement\":[{\"@type\":\"ListItem\",\"position\":1,\"name\":\"Home\",\"item\":\"https:\/\/www.ultraseal-impregnation.com\/de\/\"},{\"@type\":\"ListItem\",\"position\":2,\"name\":\"Formtrennmittel\"}]},{\"@type\":\"WebSite\",\"@id\":\"https:\/\/www.ultraseal-impregnation.com\/de\/#website\",\"url\":\"https:\/\/www.ultraseal-impregnation.com\/de\/\",\"name\":\"DE\",\"description\":\"\",\"potentialAction\":[{\"@type\":\"SearchAction\",\"target\":{\"@type\":\"EntryPoint\",\"urlTemplate\":\"https:\/\/www.ultraseal-impregnation.com\/de\/?s={search_term_string}\"},\"query-input\":{\"@type\":\"PropertyValueSpecification\",\"valueRequired\":true,\"valueName\":\"search_term_string\"}}],\"inLanguage\":\"de\"}]}<\/script>\n<!-- \/ Yoast SEO plugin. -->","yoast_head_json":{"title":"Wasserfreie Formtrennmittel und Technologie | Ultraseal International","description":"Die wasserfreien Formtrennmittel-Produkte und das die elektrostatische Spray-Technologie der Lubrolene-Serie erm\u00f6glichen optimale Trennung f\u00fcr Druckgussteile von Motoren, Antriebsstr\u00e4ngen und Fahrzeugen.","robots":{"index":"index","follow":"follow","max-snippet":"max-snippet:-1","max-image-preview":"max-image-preview:large","max-video-preview":"max-video-preview:-1"},"canonical":"https:\/\/www.ultraseal-impregnation.com\/de\/formtrennmittel\/","og_locale":"de_DE","og_type":"article","og_title":"Wasserfreie Formtrennmittel und Technologie | Ultraseal International","og_description":"Die wasserfreien Formtrennmittel-Produkte und das die elektrostatische Spray-Technologie der Lubrolene-Serie erm\u00f6glichen optimale Trennung f\u00fcr Druckgussteile von Motoren, Antriebsstr\u00e4ngen und Fahrzeugen.","og_url":"https:\/\/www.ultraseal-impregnation.com\/de\/formtrennmittel\/","og_site_name":"DE","article_modified_time":"2025-04-14T12:25:25+00:00","twitter_card":"summary_large_image","schema":{"@context":"https:\/\/schema.org","@graph":[{"@type":"WebPage","@id":"https:\/\/www.ultraseal-impregnation.com\/de\/formtrennmittel\/","url":"https:\/\/www.ultraseal-impregnation.com\/de\/formtrennmittel\/","name":"Wasserfreie Formtrennmittel und Technologie | Ultraseal International","isPartOf":{"@id":"https:\/\/www.ultraseal-impregnation.com\/de\/#website"},"datePublished":"2017-07-10T08:27:56+00:00","dateModified":"2025-04-14T12:25:25+00:00","description":"Die wasserfreien Formtrennmittel-Produkte und das die elektrostatische Spray-Technologie der Lubrolene-Serie erm\u00f6glichen optimale Trennung f\u00fcr Druckgussteile von Motoren, Antriebsstr\u00e4ngen und Fahrzeugen.","breadcrumb":{"@id":"https:\/\/www.ultraseal-impregnation.com\/de\/formtrennmittel\/#breadcrumb"},"inLanguage":"de","potentialAction":[{"@type":"ReadAction","target":["https:\/\/www.ultraseal-impregnation.com\/de\/formtrennmittel\/"]}]},{"@type":"BreadcrumbList","@id":"https:\/\/www.ultraseal-impregnation.com\/de\/formtrennmittel\/#breadcrumb","itemListElement":[{"@type":"ListItem","position":1,"name":"Home","item":"https:\/\/www.ultraseal-impregnation.com\/de\/"},{"@type":"ListItem","position":2,"name":"Formtrennmittel"}]},{"@type":"WebSite","@id":"https:\/\/www.ultraseal-impregnation.com\/de\/#website","url":"https:\/\/www.ultraseal-impregnation.com\/de\/","name":"DE","description":"","potentialAction":[{"@type":"SearchAction","target":{"@type":"EntryPoint","urlTemplate":"https:\/\/www.ultraseal-impregnation.com\/de\/?s={search_term_string}"},"query-input":{"@type":"PropertyValueSpecification","valueRequired":true,"valueName":"search_term_string"}}],"inLanguage":"de"}]}},"_links":{"self":[{"href":"https:\/\/www.ultraseal-impregnation.com\/de\/wp-json\/wp\/v2\/pages\/11","targetHints":{"allow":["GET"]}}],"collection":[{"href":"https:\/\/www.ultraseal-impregnation.com\/de\/wp-json\/wp\/v2\/pages"}],"about":[{"href":"https:\/\/www.ultraseal-impregnation.com\/de\/wp-json\/wp\/v2\/types\/page"}],"author":[{"embeddable":true,"href":"https:\/\/www.ultraseal-impregnation.com\/de\/wp-json\/wp\/v2\/users\/1"}],"replies":[{"embeddable":true,"href":"https:\/\/www.ultraseal-impregnation.com\/de\/wp-json\/wp\/v2\/comments?post=11"}],"version-history":[{"count":3,"href":"https:\/\/www.ultraseal-impregnation.com\/de\/wp-json\/wp\/v2\/pages\/11\/revisions"}],"predecessor-version":[{"id":2626,"href":"https:\/\/www.ultraseal-impregnation.com\/de\/wp-json\/wp\/v2\/pages\/11\/revisions\/2626"}],"wp:attachment":[{"href":"https:\/\/www.ultraseal-impregnation.com\/de\/wp-json\/wp\/v2\/media?parent=11"}],"curies":[{"name":"wp","href":"https:\/\/api.w.org\/{rel}","templated":true}]}}