{"id":265,"date":"2017-07-17T09:23:41","date_gmt":"2017-07-17T08:23:41","guid":{"rendered":"https:\/\/www.ultraseal-impregnation.com\/?page_id=265"},"modified":"2019-10-07T12:16:34","modified_gmt":"2019-10-07T10:16:34","slug":"wissenszentrum","status":"publish","type":"page","link":"https:\/\/www.ultraseal-impregnation.com\/de\/medien\/wissenszentrum\/","title":{"rendered":"Wissenszentrum"},"content":{"rendered":"","protected":false},"excerpt":{"rendered":"<p>Erfahren Sie alles, was Sie \u00fcber die Versiegelung von Porosit\u00e4t und \u00fcber Impr\u00e4gniertechnologie wissen m\u00fcssen.<\/p>\n","protected":false},"author":1,"featured_media":0,"parent":15,"menu_order":0,"comment_status":"closed","ping_status":"closed","template":"page-category.php","meta":{"footnotes":""},"class_list":["post-265","page","type-page","status-publish","hentry"],"yoast_head":"<!-- This site is optimized with the Yoast SEO plugin v27.2 - https:\/\/yoast.com\/product\/yoast-seo-wordpress\/ -->\n<title>Wissenszentrum - DE<\/title>\n<meta name=\"robots\" content=\"index, follow, max-snippet:-1, max-image-preview:large, max-video-preview:-1\" \/>\n<link rel=\"canonical\" href=\"https:\/\/www.ultraseal-impregnation.com\/de\/medien\/wissenszentrum\/\" \/>\n<meta property=\"og:locale\" content=\"de_DE\" \/>\n<meta property=\"og:type\" content=\"article\" \/>\n<meta property=\"og:title\" content=\"Wissenszentrum - DE\" \/>\n<meta property=\"og:description\" content=\"Erfahren Sie alles, was Sie \u00fcber die Versiegelung von Porosit\u00e4t und \u00fcber Impr\u00e4gniertechnologie wissen m\u00fcssen.\" \/>\n<meta property=\"og:url\" content=\"https:\/\/www.ultraseal-impregnation.com\/de\/medien\/wissenszentrum\/\" \/>\n<meta property=\"og:site_name\" content=\"DE\" \/>\n<meta property=\"article:modified_time\" content=\"2019-10-07T10:16:34+00:00\" \/>\n<meta name=\"twitter:card\" content=\"summary_large_image\" \/>\n<script type=\"application\/ld+json\" class=\"yoast-schema-graph\">{\"@context\":\"https:\/\/schema.org\",\"@graph\":[{\"@type\":\"WebPage\",\"@id\":\"https:\/\/www.ultraseal-impregnation.com\/de\/medien\/wissenszentrum\/\",\"url\":\"https:\/\/www.ultraseal-impregnation.com\/de\/medien\/wissenszentrum\/\",\"name\":\"Wissenszentrum - DE\",\"isPartOf\":{\"@id\":\"https:\/\/www.ultraseal-impregnation.com\/de\/#website\"},\"datePublished\":\"2017-07-17T08:23:41+00:00\",\"dateModified\":\"2019-10-07T10:16:34+00:00\",\"breadcrumb\":{\"@id\":\"https:\/\/www.ultraseal-impregnation.com\/de\/medien\/wissenszentrum\/#breadcrumb\"},\"inLanguage\":\"de\",\"potentialAction\":[{\"@type\":\"ReadAction\",\"target\":[\"https:\/\/www.ultraseal-impregnation.com\/de\/medien\/wissenszentrum\/\"]}]},{\"@type\":\"BreadcrumbList\",\"@id\":\"https:\/\/www.ultraseal-impregnation.com\/de\/medien\/wissenszentrum\/#breadcrumb\",\"itemListElement\":[{\"@type\":\"ListItem\",\"position\":1,\"name\":\"Home\",\"item\":\"https:\/\/www.ultraseal-impregnation.com\/de\/\"},{\"@type\":\"ListItem\",\"position\":2,\"name\":\"Medien\",\"item\":\"https:\/\/www.ultraseal-impregnation.com\/de\/medien\/\"},{\"@type\":\"ListItem\",\"position\":3,\"name\":\"Wissenszentrum\"}]},{\"@type\":\"WebSite\",\"@id\":\"https:\/\/www.ultraseal-impregnation.com\/de\/#website\",\"url\":\"https:\/\/www.ultraseal-impregnation.com\/de\/\",\"name\":\"DE\",\"description\":\"\",\"potentialAction\":[{\"@type\":\"SearchAction\",\"target\":{\"@type\":\"EntryPoint\",\"urlTemplate\":\"https:\/\/www.ultraseal-impregnation.com\/de\/?s={search_term_string}\"},\"query-input\":{\"@type\":\"PropertyValueSpecification\",\"valueRequired\":true,\"valueName\":\"search_term_string\"}}],\"inLanguage\":\"de\"}]}<\/script>\n<!-- \/ Yoast SEO plugin. -->","yoast_head_json":{"title":"Wissenszentrum - DE","robots":{"index":"index","follow":"follow","max-snippet":"max-snippet:-1","max-image-preview":"max-image-preview:large","max-video-preview":"max-video-preview:-1"},"canonical":"https:\/\/www.ultraseal-impregnation.com\/de\/medien\/wissenszentrum\/","og_locale":"de_DE","og_type":"article","og_title":"Wissenszentrum - DE","og_description":"Erfahren Sie alles, was Sie \u00fcber die Versiegelung von Porosit\u00e4t und \u00fcber Impr\u00e4gniertechnologie wissen m\u00fcssen.","og_url":"https:\/\/www.ultraseal-impregnation.com\/de\/medien\/wissenszentrum\/","og_site_name":"DE","article_modified_time":"2019-10-07T10:16:34+00:00","twitter_card":"summary_large_image","schema":{"@context":"https:\/\/schema.org","@graph":[{"@type":"WebPage","@id":"https:\/\/www.ultraseal-impregnation.com\/de\/medien\/wissenszentrum\/","url":"https:\/\/www.ultraseal-impregnation.com\/de\/medien\/wissenszentrum\/","name":"Wissenszentrum - DE","isPartOf":{"@id":"https:\/\/www.ultraseal-impregnation.com\/de\/#website"},"datePublished":"2017-07-17T08:23:41+00:00","dateModified":"2019-10-07T10:16:34+00:00","breadcrumb":{"@id":"https:\/\/www.ultraseal-impregnation.com\/de\/medien\/wissenszentrum\/#breadcrumb"},"inLanguage":"de","potentialAction":[{"@type":"ReadAction","target":["https:\/\/www.ultraseal-impregnation.com\/de\/medien\/wissenszentrum\/"]}]},{"@type":"BreadcrumbList","@id":"https:\/\/www.ultraseal-impregnation.com\/de\/medien\/wissenszentrum\/#breadcrumb","itemListElement":[{"@type":"ListItem","position":1,"name":"Home","item":"https:\/\/www.ultraseal-impregnation.com\/de\/"},{"@type":"ListItem","position":2,"name":"Medien","item":"https:\/\/www.ultraseal-impregnation.com\/de\/medien\/"},{"@type":"ListItem","position":3,"name":"Wissenszentrum"}]},{"@type":"WebSite","@id":"https:\/\/www.ultraseal-impregnation.com\/de\/#website","url":"https:\/\/www.ultraseal-impregnation.com\/de\/","name":"DE","description":"","potentialAction":[{"@type":"SearchAction","target":{"@type":"EntryPoint","urlTemplate":"https:\/\/www.ultraseal-impregnation.com\/de\/?s={search_term_string}"},"query-input":{"@type":"PropertyValueSpecification","valueRequired":true,"valueName":"search_term_string"}}],"inLanguage":"de"}]}},"_links":{"self":[{"href":"https:\/\/www.ultraseal-impregnation.com\/de\/wp-json\/wp\/v2\/pages\/265","targetHints":{"allow":["GET"]}}],"collection":[{"href":"https:\/\/www.ultraseal-impregnation.com\/de\/wp-json\/wp\/v2\/pages"}],"about":[{"href":"https:\/\/www.ultraseal-impregnation.com\/de\/wp-json\/wp\/v2\/types\/page"}],"author":[{"embeddable":true,"href":"https:\/\/www.ultraseal-impregnation.com\/de\/wp-json\/wp\/v2\/users\/1"}],"replies":[{"embeddable":true,"href":"https:\/\/www.ultraseal-impregnation.com\/de\/wp-json\/wp\/v2\/comments?post=265"}],"version-history":[{"count":1,"href":"https:\/\/www.ultraseal-impregnation.com\/de\/wp-json\/wp\/v2\/pages\/265\/revisions"}],"predecessor-version":[{"id":2569,"href":"https:\/\/www.ultraseal-impregnation.com\/de\/wp-json\/wp\/v2\/pages\/265\/revisions\/2569"}],"up":[{"embeddable":true,"href":"https:\/\/www.ultraseal-impregnation.com\/de\/wp-json\/wp\/v2\/pages\/15"}],"wp:attachment":[{"href":"https:\/\/www.ultraseal-impregnation.com\/de\/wp-json\/wp\/v2\/media?parent=265"}],"curies":[{"name":"wp","href":"https:\/\/api.w.org\/{rel}","templated":true}]}}