{"id":605,"date":"2017-07-19T14:29:54","date_gmt":"2017-07-19T13:29:54","guid":{"rendered":"https:\/\/www.ultraseal-impregnation.com\/?page_id=605"},"modified":"2017-07-19T14:29:54","modified_gmt":"2017-07-19T13:29:54","slug":"industrien","status":"publish","type":"page","link":"https:\/\/www.ultraseal-impregnation.com\/de\/ueber\/industrien\/","title":{"rendered":"Industrien"},"content":{"rendered":"","protected":false},"excerpt":{"rendered":"<p>Als einziges auf die Versiegelung von Porosit\u00e4t spezialisiertes Unternehmen, das Impr\u00e4gnierharze, Technologien, verwalteten Service und Servicezentren anbietet, kann Ultraseal Produkte und Service so gestalten, dass ultimative L\u00f6sungen f\u00fcr die Versiegelung von Porosit\u00e4t geliefert werden.<\/p>\n","protected":false},"author":1,"featured_media":0,"parent":13,"menu_order":0,"comment_status":"closed","ping_status":"closed","template":"","meta":{"footnotes":""},"class_list":["post-605","page","type-page","status-publish","hentry"],"yoast_head":"<!-- This site is optimized with the Yoast SEO plugin v27.2 - https:\/\/yoast.com\/product\/yoast-seo-wordpress\/ -->\n<title>Belieferte Industrien | Ultraseal International<\/title>\n<meta name=\"description\" content=\"Wir bieten die ultimative L\u00f6sung f\u00fcr die Versiegelung von Porosit\u00e4t in Guss-, Kunststoff-, Sinter- und elektrischen Komponenten f\u00fcr eine Vielzahl von Industriezweigen weltweit.\" \/>\n<meta name=\"robots\" content=\"index, follow, max-snippet:-1, max-image-preview:large, max-video-preview:-1\" \/>\n<link rel=\"canonical\" href=\"https:\/\/www.ultraseal-impregnation.com\/de\/ueber\/industrien\/\" \/>\n<meta property=\"og:locale\" content=\"de_DE\" \/>\n<meta property=\"og:type\" content=\"article\" \/>\n<meta property=\"og:title\" content=\"Belieferte Industrien | Ultraseal International\" \/>\n<meta property=\"og:description\" content=\"Wir bieten die ultimative L\u00f6sung f\u00fcr die Versiegelung von Porosit\u00e4t in Guss-, Kunststoff-, Sinter- und elektrischen Komponenten f\u00fcr eine Vielzahl von Industriezweigen weltweit.\" \/>\n<meta property=\"og:url\" content=\"https:\/\/www.ultraseal-impregnation.com\/de\/ueber\/industrien\/\" \/>\n<meta property=\"og:site_name\" content=\"DE\" \/>\n<meta name=\"twitter:card\" content=\"summary_large_image\" \/>\n<script type=\"application\/ld+json\" class=\"yoast-schema-graph\">{\"@context\":\"https:\/\/schema.org\",\"@graph\":[{\"@type\":\"WebPage\",\"@id\":\"https:\/\/www.ultraseal-impregnation.com\/de\/ueber\/industrien\/\",\"url\":\"https:\/\/www.ultraseal-impregnation.com\/de\/ueber\/industrien\/\",\"name\":\"Belieferte Industrien | Ultraseal International\",\"isPartOf\":{\"@id\":\"https:\/\/www.ultraseal-impregnation.com\/de\/#website\"},\"datePublished\":\"2017-07-19T13:29:54+00:00\",\"description\":\"Wir bieten die ultimative L\u00f6sung f\u00fcr die Versiegelung von Porosit\u00e4t in Guss-, Kunststoff-, Sinter- und elektrischen Komponenten f\u00fcr eine Vielzahl von Industriezweigen weltweit.\",\"breadcrumb\":{\"@id\":\"https:\/\/www.ultraseal-impregnation.com\/de\/ueber\/industrien\/#breadcrumb\"},\"inLanguage\":\"de\",\"potentialAction\":[{\"@type\":\"ReadAction\",\"target\":[\"https:\/\/www.ultraseal-impregnation.com\/de\/ueber\/industrien\/\"]}]},{\"@type\":\"BreadcrumbList\",\"@id\":\"https:\/\/www.ultraseal-impregnation.com\/de\/ueber\/industrien\/#breadcrumb\",\"itemListElement\":[{\"@type\":\"ListItem\",\"position\":1,\"name\":\"Home\",\"item\":\"https:\/\/www.ultraseal-impregnation.com\/de\/\"},{\"@type\":\"ListItem\",\"position\":2,\"name\":\"\u00dcber\",\"item\":\"https:\/\/www.ultraseal-impregnation.com\/de\/ueber\/\"},{\"@type\":\"ListItem\",\"position\":3,\"name\":\"Industrien\"}]},{\"@type\":\"WebSite\",\"@id\":\"https:\/\/www.ultraseal-impregnation.com\/de\/#website\",\"url\":\"https:\/\/www.ultraseal-impregnation.com\/de\/\",\"name\":\"DE\",\"description\":\"\",\"potentialAction\":[{\"@type\":\"SearchAction\",\"target\":{\"@type\":\"EntryPoint\",\"urlTemplate\":\"https:\/\/www.ultraseal-impregnation.com\/de\/?s={search_term_string}\"},\"query-input\":{\"@type\":\"PropertyValueSpecification\",\"valueRequired\":true,\"valueName\":\"search_term_string\"}}],\"inLanguage\":\"de\"}]}<\/script>\n<!-- \/ Yoast SEO plugin. -->","yoast_head_json":{"title":"Belieferte Industrien | Ultraseal International","description":"Wir bieten die ultimative L\u00f6sung f\u00fcr die Versiegelung von Porosit\u00e4t in Guss-, Kunststoff-, Sinter- und elektrischen Komponenten f\u00fcr eine Vielzahl von Industriezweigen weltweit.","robots":{"index":"index","follow":"follow","max-snippet":"max-snippet:-1","max-image-preview":"max-image-preview:large","max-video-preview":"max-video-preview:-1"},"canonical":"https:\/\/www.ultraseal-impregnation.com\/de\/ueber\/industrien\/","og_locale":"de_DE","og_type":"article","og_title":"Belieferte Industrien | Ultraseal International","og_description":"Wir bieten die ultimative L\u00f6sung f\u00fcr die Versiegelung von Porosit\u00e4t in Guss-, Kunststoff-, Sinter- und elektrischen Komponenten f\u00fcr eine Vielzahl von Industriezweigen weltweit.","og_url":"https:\/\/www.ultraseal-impregnation.com\/de\/ueber\/industrien\/","og_site_name":"DE","twitter_card":"summary_large_image","schema":{"@context":"https:\/\/schema.org","@graph":[{"@type":"WebPage","@id":"https:\/\/www.ultraseal-impregnation.com\/de\/ueber\/industrien\/","url":"https:\/\/www.ultraseal-impregnation.com\/de\/ueber\/industrien\/","name":"Belieferte Industrien | Ultraseal International","isPartOf":{"@id":"https:\/\/www.ultraseal-impregnation.com\/de\/#website"},"datePublished":"2017-07-19T13:29:54+00:00","description":"Wir bieten die ultimative L\u00f6sung f\u00fcr die Versiegelung von Porosit\u00e4t in Guss-, Kunststoff-, Sinter- und elektrischen Komponenten f\u00fcr eine Vielzahl von Industriezweigen weltweit.","breadcrumb":{"@id":"https:\/\/www.ultraseal-impregnation.com\/de\/ueber\/industrien\/#breadcrumb"},"inLanguage":"de","potentialAction":[{"@type":"ReadAction","target":["https:\/\/www.ultraseal-impregnation.com\/de\/ueber\/industrien\/"]}]},{"@type":"BreadcrumbList","@id":"https:\/\/www.ultraseal-impregnation.com\/de\/ueber\/industrien\/#breadcrumb","itemListElement":[{"@type":"ListItem","position":1,"name":"Home","item":"https:\/\/www.ultraseal-impregnation.com\/de\/"},{"@type":"ListItem","position":2,"name":"\u00dcber","item":"https:\/\/www.ultraseal-impregnation.com\/de\/ueber\/"},{"@type":"ListItem","position":3,"name":"Industrien"}]},{"@type":"WebSite","@id":"https:\/\/www.ultraseal-impregnation.com\/de\/#website","url":"https:\/\/www.ultraseal-impregnation.com\/de\/","name":"DE","description":"","potentialAction":[{"@type":"SearchAction","target":{"@type":"EntryPoint","urlTemplate":"https:\/\/www.ultraseal-impregnation.com\/de\/?s={search_term_string}"},"query-input":{"@type":"PropertyValueSpecification","valueRequired":true,"valueName":"search_term_string"}}],"inLanguage":"de"}]}},"_links":{"self":[{"href":"https:\/\/www.ultraseal-impregnation.com\/de\/wp-json\/wp\/v2\/pages\/605","targetHints":{"allow":["GET"]}}],"collection":[{"href":"https:\/\/www.ultraseal-impregnation.com\/de\/wp-json\/wp\/v2\/pages"}],"about":[{"href":"https:\/\/www.ultraseal-impregnation.com\/de\/wp-json\/wp\/v2\/types\/page"}],"author":[{"embeddable":true,"href":"https:\/\/www.ultraseal-impregnation.com\/de\/wp-json\/wp\/v2\/users\/1"}],"replies":[{"embeddable":true,"href":"https:\/\/www.ultraseal-impregnation.com\/de\/wp-json\/wp\/v2\/comments?post=605"}],"version-history":[{"count":0,"href":"https:\/\/www.ultraseal-impregnation.com\/de\/wp-json\/wp\/v2\/pages\/605\/revisions"}],"up":[{"embeddable":true,"href":"https:\/\/www.ultraseal-impregnation.com\/de\/wp-json\/wp\/v2\/pages\/13"}],"wp:attachment":[{"href":"https:\/\/www.ultraseal-impregnation.com\/de\/wp-json\/wp\/v2\/media?parent=605"}],"curies":[{"name":"wp","href":"https:\/\/api.w.org\/{rel}","templated":true}]}}