{"id":612,"date":"2017-07-19T14:36:58","date_gmt":"2017-07-19T13:36:58","guid":{"rendered":"https:\/\/www.ultraseal-impregnation.com\/?page_id=612"},"modified":"2017-07-19T14:36:58","modified_gmt":"2017-07-19T13:36:58","slug":"giesserei-druckguss-industrie","status":"publish","type":"page","link":"https:\/\/www.ultraseal-impregnation.com\/de\/ueber\/industrien\/giesserei-druckguss-industrie\/","title":{"rendered":"Gie\u00dferei &amp; Druckguss"},"content":{"rendered":"","protected":false},"excerpt":{"rendered":"<p>Wir verf\u00fcgen \u00fcber langj\u00e4hrige und bew\u00e4hrte Erfahrung in der Betreuung von Gie\u00dferei- und Druckgusskunden.<\/p>\n","protected":false},"author":1,"featured_media":1028,"parent":605,"menu_order":0,"comment_status":"closed","ping_status":"closed","template":"","meta":{"footnotes":""},"class_list":["post-612","page","type-page","status-publish","has-post-thumbnail","hentry"],"yoast_head":"<!-- This site is optimized with the Yoast SEO plugin v27.2 - https:\/\/yoast.com\/product\/yoast-seo-wordpress\/ -->\n<title>Impr\u00e4gnierharze, Systeme und Services f\u00fcr Gie\u00dferei &amp; Druckguss | Ultraseal International<\/title>\n<meta name=\"description\" content=\"Als Unternehmen, das seit \u00fcber 40\u00a0Jahren mit Gie\u00dferei- und Druckgusskunden zusammenarbeitet, verf\u00fcgen wir \u00fcber die umfassende Impr\u00e4gnierl\u00f6sung f\u00fcr die Versiegelung von Porosit\u00e4t in Druckguss-Komponenten\" \/>\n<meta name=\"robots\" content=\"index, follow, max-snippet:-1, max-image-preview:large, max-video-preview:-1\" \/>\n<link rel=\"canonical\" href=\"https:\/\/www.ultraseal-impregnation.com\/de\/ueber\/industrien\/giesserei-druckguss-industrie\/\" \/>\n<meta property=\"og:locale\" content=\"de_DE\" \/>\n<meta property=\"og:type\" content=\"article\" \/>\n<meta property=\"og:title\" content=\"Impr\u00e4gnierharze, Systeme und Services f\u00fcr Gie\u00dferei &amp; Druckguss | Ultraseal International\" \/>\n<meta property=\"og:description\" content=\"Als Unternehmen, das seit \u00fcber 40\u00a0Jahren mit Gie\u00dferei- und Druckgusskunden zusammenarbeitet, verf\u00fcgen wir \u00fcber die umfassende Impr\u00e4gnierl\u00f6sung f\u00fcr die Versiegelung von Porosit\u00e4t in Druckguss-Komponenten\" \/>\n<meta property=\"og:url\" content=\"https:\/\/www.ultraseal-impregnation.com\/de\/ueber\/industrien\/giesserei-druckguss-industrie\/\" \/>\n<meta property=\"og:site_name\" content=\"DE\" \/>\n<meta property=\"og:image\" content=\"https:\/\/www.ultraseal-impregnation.com\/de\/wp-content\/uploads\/sites\/12\/2017\/07\/15-foundry-and-cast-industry.jpg\" \/>\n\t<meta property=\"og:image:width\" content=\"505\" \/>\n\t<meta property=\"og:image:height\" content=\"501\" \/>\n\t<meta property=\"og:image:type\" content=\"image\/jpeg\" \/>\n<meta name=\"twitter:card\" content=\"summary_large_image\" \/>\n<script type=\"application\/ld+json\" class=\"yoast-schema-graph\">{\"@context\":\"https:\/\/schema.org\",\"@graph\":[{\"@type\":\"WebPage\",\"@id\":\"https:\/\/www.ultraseal-impregnation.com\/de\/ueber\/industrien\/giesserei-druckguss-industrie\/\",\"url\":\"https:\/\/www.ultraseal-impregnation.com\/de\/ueber\/industrien\/giesserei-druckguss-industrie\/\",\"name\":\"Impr\u00e4gnierharze, Systeme und Services f\u00fcr Gie\u00dferei & Druckguss | Ultraseal International\",\"isPartOf\":{\"@id\":\"https:\/\/www.ultraseal-impregnation.com\/de\/#website\"},\"primaryImageOfPage\":{\"@id\":\"https:\/\/www.ultraseal-impregnation.com\/de\/ueber\/industrien\/giesserei-druckguss-industrie\/#primaryimage\"},\"image\":{\"@id\":\"https:\/\/www.ultraseal-impregnation.com\/de\/ueber\/industrien\/giesserei-druckguss-industrie\/#primaryimage\"},\"thumbnailUrl\":\"https:\/\/www.ultraseal-impregnation.com\/de\/wp-content\/uploads\/sites\/12\/2017\/07\/15-foundry-and-cast-industry.jpg\",\"datePublished\":\"2017-07-19T13:36:58+00:00\",\"description\":\"Als Unternehmen, das seit \u00fcber 40\u00a0Jahren mit Gie\u00dferei- und Druckgusskunden zusammenarbeitet, verf\u00fcgen wir \u00fcber die umfassende Impr\u00e4gnierl\u00f6sung f\u00fcr die Versiegelung von Porosit\u00e4t in Druckguss-Komponenten\",\"breadcrumb\":{\"@id\":\"https:\/\/www.ultraseal-impregnation.com\/de\/ueber\/industrien\/giesserei-druckguss-industrie\/#breadcrumb\"},\"inLanguage\":\"de\",\"potentialAction\":[{\"@type\":\"ReadAction\",\"target\":[\"https:\/\/www.ultraseal-impregnation.com\/de\/ueber\/industrien\/giesserei-druckguss-industrie\/\"]}]},{\"@type\":\"ImageObject\",\"inLanguage\":\"de\",\"@id\":\"https:\/\/www.ultraseal-impregnation.com\/de\/ueber\/industrien\/giesserei-druckguss-industrie\/#primaryimage\",\"url\":\"https:\/\/www.ultraseal-impregnation.com\/de\/wp-content\/uploads\/sites\/12\/2017\/07\/15-foundry-and-cast-industry.jpg\",\"contentUrl\":\"https:\/\/www.ultraseal-impregnation.com\/de\/wp-content\/uploads\/sites\/12\/2017\/07\/15-foundry-and-cast-industry.jpg\",\"width\":505,\"height\":501},{\"@type\":\"BreadcrumbList\",\"@id\":\"https:\/\/www.ultraseal-impregnation.com\/de\/ueber\/industrien\/giesserei-druckguss-industrie\/#breadcrumb\",\"itemListElement\":[{\"@type\":\"ListItem\",\"position\":1,\"name\":\"Home\",\"item\":\"https:\/\/www.ultraseal-impregnation.com\/de\/\"},{\"@type\":\"ListItem\",\"position\":2,\"name\":\"\u00dcber\",\"item\":\"https:\/\/www.ultraseal-impregnation.com\/de\/ueber\/\"},{\"@type\":\"ListItem\",\"position\":3,\"name\":\"Industrien\",\"item\":\"https:\/\/www.ultraseal-impregnation.com\/de\/ueber\/industrien\/\"},{\"@type\":\"ListItem\",\"position\":4,\"name\":\"Gie\u00dferei &amp; Druckguss\"}]},{\"@type\":\"WebSite\",\"@id\":\"https:\/\/www.ultraseal-impregnation.com\/de\/#website\",\"url\":\"https:\/\/www.ultraseal-impregnation.com\/de\/\",\"name\":\"DE\",\"description\":\"\",\"potentialAction\":[{\"@type\":\"SearchAction\",\"target\":{\"@type\":\"EntryPoint\",\"urlTemplate\":\"https:\/\/www.ultraseal-impregnation.com\/de\/?s={search_term_string}\"},\"query-input\":{\"@type\":\"PropertyValueSpecification\",\"valueRequired\":true,\"valueName\":\"search_term_string\"}}],\"inLanguage\":\"de\"}]}<\/script>\n<!-- \/ Yoast SEO plugin. -->","yoast_head_json":{"title":"Impr\u00e4gnierharze, Systeme und Services f\u00fcr Gie\u00dferei & Druckguss | Ultraseal International","description":"Als Unternehmen, das seit \u00fcber 40\u00a0Jahren mit Gie\u00dferei- und Druckgusskunden zusammenarbeitet, verf\u00fcgen wir \u00fcber die umfassende Impr\u00e4gnierl\u00f6sung f\u00fcr die Versiegelung von Porosit\u00e4t in Druckguss-Komponenten","robots":{"index":"index","follow":"follow","max-snippet":"max-snippet:-1","max-image-preview":"max-image-preview:large","max-video-preview":"max-video-preview:-1"},"canonical":"https:\/\/www.ultraseal-impregnation.com\/de\/ueber\/industrien\/giesserei-druckguss-industrie\/","og_locale":"de_DE","og_type":"article","og_title":"Impr\u00e4gnierharze, Systeme und Services f\u00fcr Gie\u00dferei & Druckguss | Ultraseal International","og_description":"Als Unternehmen, das seit \u00fcber 40\u00a0Jahren mit Gie\u00dferei- und Druckgusskunden zusammenarbeitet, verf\u00fcgen wir \u00fcber die umfassende Impr\u00e4gnierl\u00f6sung f\u00fcr die Versiegelung von Porosit\u00e4t in Druckguss-Komponenten","og_url":"https:\/\/www.ultraseal-impregnation.com\/de\/ueber\/industrien\/giesserei-druckguss-industrie\/","og_site_name":"DE","og_image":[{"width":505,"height":501,"url":"https:\/\/www.ultraseal-impregnation.com\/de\/wp-content\/uploads\/sites\/12\/2017\/07\/15-foundry-and-cast-industry.jpg","type":"image\/jpeg"}],"twitter_card":"summary_large_image","schema":{"@context":"https:\/\/schema.org","@graph":[{"@type":"WebPage","@id":"https:\/\/www.ultraseal-impregnation.com\/de\/ueber\/industrien\/giesserei-druckguss-industrie\/","url":"https:\/\/www.ultraseal-impregnation.com\/de\/ueber\/industrien\/giesserei-druckguss-industrie\/","name":"Impr\u00e4gnierharze, Systeme und Services f\u00fcr Gie\u00dferei & Druckguss | Ultraseal International","isPartOf":{"@id":"https:\/\/www.ultraseal-impregnation.com\/de\/#website"},"primaryImageOfPage":{"@id":"https:\/\/www.ultraseal-impregnation.com\/de\/ueber\/industrien\/giesserei-druckguss-industrie\/#primaryimage"},"image":{"@id":"https:\/\/www.ultraseal-impregnation.com\/de\/ueber\/industrien\/giesserei-druckguss-industrie\/#primaryimage"},"thumbnailUrl":"https:\/\/www.ultraseal-impregnation.com\/de\/wp-content\/uploads\/sites\/12\/2017\/07\/15-foundry-and-cast-industry.jpg","datePublished":"2017-07-19T13:36:58+00:00","description":"Als Unternehmen, das seit \u00fcber 40\u00a0Jahren mit Gie\u00dferei- und Druckgusskunden zusammenarbeitet, verf\u00fcgen wir \u00fcber die umfassende Impr\u00e4gnierl\u00f6sung f\u00fcr die Versiegelung von Porosit\u00e4t in Druckguss-Komponenten","breadcrumb":{"@id":"https:\/\/www.ultraseal-impregnation.com\/de\/ueber\/industrien\/giesserei-druckguss-industrie\/#breadcrumb"},"inLanguage":"de","potentialAction":[{"@type":"ReadAction","target":["https:\/\/www.ultraseal-impregnation.com\/de\/ueber\/industrien\/giesserei-druckguss-industrie\/"]}]},{"@type":"ImageObject","inLanguage":"de","@id":"https:\/\/www.ultraseal-impregnation.com\/de\/ueber\/industrien\/giesserei-druckguss-industrie\/#primaryimage","url":"https:\/\/www.ultraseal-impregnation.com\/de\/wp-content\/uploads\/sites\/12\/2017\/07\/15-foundry-and-cast-industry.jpg","contentUrl":"https:\/\/www.ultraseal-impregnation.com\/de\/wp-content\/uploads\/sites\/12\/2017\/07\/15-foundry-and-cast-industry.jpg","width":505,"height":501},{"@type":"BreadcrumbList","@id":"https:\/\/www.ultraseal-impregnation.com\/de\/ueber\/industrien\/giesserei-druckguss-industrie\/#breadcrumb","itemListElement":[{"@type":"ListItem","position":1,"name":"Home","item":"https:\/\/www.ultraseal-impregnation.com\/de\/"},{"@type":"ListItem","position":2,"name":"\u00dcber","item":"https:\/\/www.ultraseal-impregnation.com\/de\/ueber\/"},{"@type":"ListItem","position":3,"name":"Industrien","item":"https:\/\/www.ultraseal-impregnation.com\/de\/ueber\/industrien\/"},{"@type":"ListItem","position":4,"name":"Gie\u00dferei &amp; Druckguss"}]},{"@type":"WebSite","@id":"https:\/\/www.ultraseal-impregnation.com\/de\/#website","url":"https:\/\/www.ultraseal-impregnation.com\/de\/","name":"DE","description":"","potentialAction":[{"@type":"SearchAction","target":{"@type":"EntryPoint","urlTemplate":"https:\/\/www.ultraseal-impregnation.com\/de\/?s={search_term_string}"},"query-input":{"@type":"PropertyValueSpecification","valueRequired":true,"valueName":"search_term_string"}}],"inLanguage":"de"}]}},"_links":{"self":[{"href":"https:\/\/www.ultraseal-impregnation.com\/de\/wp-json\/wp\/v2\/pages\/612","targetHints":{"allow":["GET"]}}],"collection":[{"href":"https:\/\/www.ultraseal-impregnation.com\/de\/wp-json\/wp\/v2\/pages"}],"about":[{"href":"https:\/\/www.ultraseal-impregnation.com\/de\/wp-json\/wp\/v2\/types\/page"}],"author":[{"embeddable":true,"href":"https:\/\/www.ultraseal-impregnation.com\/de\/wp-json\/wp\/v2\/users\/1"}],"replies":[{"embeddable":true,"href":"https:\/\/www.ultraseal-impregnation.com\/de\/wp-json\/wp\/v2\/comments?post=612"}],"version-history":[{"count":0,"href":"https:\/\/www.ultraseal-impregnation.com\/de\/wp-json\/wp\/v2\/pages\/612\/revisions"}],"up":[{"embeddable":true,"href":"https:\/\/www.ultraseal-impregnation.com\/de\/wp-json\/wp\/v2\/pages\/605"}],"wp:featuredmedia":[{"embeddable":true,"href":"https:\/\/www.ultraseal-impregnation.com\/de\/wp-json\/wp\/v2\/media\/1028"}],"wp:attachment":[{"href":"https:\/\/www.ultraseal-impregnation.com\/de\/wp-json\/wp\/v2\/media?parent=612"}],"curies":[{"name":"wp","href":"https:\/\/api.w.org\/{rel}","templated":true}]}}