{"id":11,"date":"2017-07-10T09:27:56","date_gmt":"2017-07-10T08:27:56","guid":{"rendered":"https:\/\/www.ultraseal-impregnation.com\/?page_id=11"},"modified":"2025-04-07T23:40:22","modified_gmt":"2025-04-07T21:40:22","slug":"productos-para-el-desmoldeo","status":"publish","type":"page","link":"https:\/\/www.ultraseal-impregnation.com\/es\/productos-para-el-desmoldeo\/","title":{"rendered":"Productos para el desmoldeo"},"content":{"rendered":"","protected":false},"excerpt":{"rendered":"<p>La serie de productos y tecnolog\u00edas para el desmoldeo sin agua le ayudar\u00e1 a conseguir un desmoldeo \u00f3ptimo de piezas para motores y piezas estructurales de automoci\u00f3n de fundici\u00f3n por moldeo a alta presi\u00f3n.<\/p>\n","protected":false},"author":1,"featured_media":0,"parent":0,"menu_order":0,"comment_status":"closed","ping_status":"closed","template":"","meta":{"footnotes":""},"class_list":["post-11","page","type-page","status-publish","hentry"],"yoast_head":"<!-- This site is optimized with the Yoast SEO plugin v27.2 - https:\/\/yoast.com\/product\/yoast-seo-wordpress\/ -->\n<title>Tecnolog\u00eda y agentes desmoldeadores sin agua | Ultraseal International<\/title>\n<meta name=\"description\" content=\"La serie de productos para el pulverizado electrost\u00e1tico y el desmoldeo sin agua consiguen un desmoldeo \u00f3ptimo de piezas para motores y piezas estructurales de automoci\u00f3n de fundici\u00f3n por moldeo a alta presi\u00f3n\" \/>\n<meta name=\"robots\" content=\"index, follow, max-snippet:-1, max-image-preview:large, max-video-preview:-1\" \/>\n<link rel=\"canonical\" href=\"https:\/\/www.ultraseal-impregnation.com\/es\/productos-para-el-desmoldeo\/\" \/>\n<meta property=\"og:locale\" content=\"es_ES\" \/>\n<meta property=\"og:type\" content=\"article\" \/>\n<meta property=\"og:title\" content=\"Tecnolog\u00eda y agentes desmoldeadores sin agua | Ultraseal International\" \/>\n<meta property=\"og:description\" content=\"La serie de productos para el pulverizado electrost\u00e1tico y el desmoldeo sin agua consiguen un desmoldeo \u00f3ptimo de piezas para motores y piezas estructurales de automoci\u00f3n de fundici\u00f3n por moldeo a alta presi\u00f3n\" \/>\n<meta property=\"og:url\" content=\"https:\/\/www.ultraseal-impregnation.com\/es\/productos-para-el-desmoldeo\/\" \/>\n<meta property=\"og:site_name\" content=\"Spain\" \/>\n<meta property=\"article:modified_time\" content=\"2025-04-07T21:40:22+00:00\" \/>\n<meta name=\"twitter:card\" content=\"summary_large_image\" \/>\n<script type=\"application\/ld+json\" class=\"yoast-schema-graph\">{\"@context\":\"https:\/\/schema.org\",\"@graph\":[{\"@type\":\"WebPage\",\"@id\":\"https:\/\/www.ultraseal-impregnation.com\/es\/productos-para-el-desmoldeo\/\",\"url\":\"https:\/\/www.ultraseal-impregnation.com\/es\/productos-para-el-desmoldeo\/\",\"name\":\"Tecnolog\u00eda y agentes desmoldeadores sin agua | Ultraseal International\",\"isPartOf\":{\"@id\":\"https:\/\/www.ultraseal-impregnation.com\/es\/#website\"},\"datePublished\":\"2017-07-10T08:27:56+00:00\",\"dateModified\":\"2025-04-07T21:40:22+00:00\",\"description\":\"La serie de productos para el pulverizado electrost\u00e1tico y el desmoldeo sin agua consiguen un desmoldeo \u00f3ptimo de piezas para motores y piezas estructurales de automoci\u00f3n de fundici\u00f3n por moldeo a alta presi\u00f3n\",\"breadcrumb\":{\"@id\":\"https:\/\/www.ultraseal-impregnation.com\/es\/productos-para-el-desmoldeo\/#breadcrumb\"},\"inLanguage\":\"es\",\"potentialAction\":[{\"@type\":\"ReadAction\",\"target\":[\"https:\/\/www.ultraseal-impregnation.com\/es\/productos-para-el-desmoldeo\/\"]}]},{\"@type\":\"BreadcrumbList\",\"@id\":\"https:\/\/www.ultraseal-impregnation.com\/es\/productos-para-el-desmoldeo\/#breadcrumb\",\"itemListElement\":[{\"@type\":\"ListItem\",\"position\":1,\"name\":\"Home\",\"item\":\"https:\/\/www.ultraseal-impregnation.com\/es\/\"},{\"@type\":\"ListItem\",\"position\":2,\"name\":\"Productos para el desmoldeo\"}]},{\"@type\":\"WebSite\",\"@id\":\"https:\/\/www.ultraseal-impregnation.com\/es\/#website\",\"url\":\"https:\/\/www.ultraseal-impregnation.com\/es\/\",\"name\":\"Spain\",\"description\":\"\",\"potentialAction\":[{\"@type\":\"SearchAction\",\"target\":{\"@type\":\"EntryPoint\",\"urlTemplate\":\"https:\/\/www.ultraseal-impregnation.com\/es\/?s={search_term_string}\"},\"query-input\":{\"@type\":\"PropertyValueSpecification\",\"valueRequired\":true,\"valueName\":\"search_term_string\"}}],\"inLanguage\":\"es\"}]}<\/script>\n<!-- \/ Yoast SEO plugin. -->","yoast_head_json":{"title":"Tecnolog\u00eda y agentes desmoldeadores sin agua | Ultraseal International","description":"La serie de productos para el pulverizado electrost\u00e1tico y el desmoldeo sin agua consiguen un desmoldeo \u00f3ptimo de piezas para motores y piezas estructurales de automoci\u00f3n de fundici\u00f3n por moldeo a alta presi\u00f3n","robots":{"index":"index","follow":"follow","max-snippet":"max-snippet:-1","max-image-preview":"max-image-preview:large","max-video-preview":"max-video-preview:-1"},"canonical":"https:\/\/www.ultraseal-impregnation.com\/es\/productos-para-el-desmoldeo\/","og_locale":"es_ES","og_type":"article","og_title":"Tecnolog\u00eda y agentes desmoldeadores sin agua | Ultraseal International","og_description":"La serie de productos para el pulverizado electrost\u00e1tico y el desmoldeo sin agua consiguen un desmoldeo \u00f3ptimo de piezas para motores y piezas estructurales de automoci\u00f3n de fundici\u00f3n por moldeo a alta presi\u00f3n","og_url":"https:\/\/www.ultraseal-impregnation.com\/es\/productos-para-el-desmoldeo\/","og_site_name":"Spain","article_modified_time":"2025-04-07T21:40:22+00:00","twitter_card":"summary_large_image","schema":{"@context":"https:\/\/schema.org","@graph":[{"@type":"WebPage","@id":"https:\/\/www.ultraseal-impregnation.com\/es\/productos-para-el-desmoldeo\/","url":"https:\/\/www.ultraseal-impregnation.com\/es\/productos-para-el-desmoldeo\/","name":"Tecnolog\u00eda y agentes desmoldeadores sin agua | Ultraseal International","isPartOf":{"@id":"https:\/\/www.ultraseal-impregnation.com\/es\/#website"},"datePublished":"2017-07-10T08:27:56+00:00","dateModified":"2025-04-07T21:40:22+00:00","description":"La serie de productos para el pulverizado electrost\u00e1tico y el desmoldeo sin agua consiguen un desmoldeo \u00f3ptimo de piezas para motores y piezas estructurales de automoci\u00f3n de fundici\u00f3n por moldeo a alta presi\u00f3n","breadcrumb":{"@id":"https:\/\/www.ultraseal-impregnation.com\/es\/productos-para-el-desmoldeo\/#breadcrumb"},"inLanguage":"es","potentialAction":[{"@type":"ReadAction","target":["https:\/\/www.ultraseal-impregnation.com\/es\/productos-para-el-desmoldeo\/"]}]},{"@type":"BreadcrumbList","@id":"https:\/\/www.ultraseal-impregnation.com\/es\/productos-para-el-desmoldeo\/#breadcrumb","itemListElement":[{"@type":"ListItem","position":1,"name":"Home","item":"https:\/\/www.ultraseal-impregnation.com\/es\/"},{"@type":"ListItem","position":2,"name":"Productos para el desmoldeo"}]},{"@type":"WebSite","@id":"https:\/\/www.ultraseal-impregnation.com\/es\/#website","url":"https:\/\/www.ultraseal-impregnation.com\/es\/","name":"Spain","description":"","potentialAction":[{"@type":"SearchAction","target":{"@type":"EntryPoint","urlTemplate":"https:\/\/www.ultraseal-impregnation.com\/es\/?s={search_term_string}"},"query-input":{"@type":"PropertyValueSpecification","valueRequired":true,"valueName":"search_term_string"}}],"inLanguage":"es"}]}},"_links":{"self":[{"href":"https:\/\/www.ultraseal-impregnation.com\/es\/wp-json\/wp\/v2\/pages\/11","targetHints":{"allow":["GET"]}}],"collection":[{"href":"https:\/\/www.ultraseal-impregnation.com\/es\/wp-json\/wp\/v2\/pages"}],"about":[{"href":"https:\/\/www.ultraseal-impregnation.com\/es\/wp-json\/wp\/v2\/types\/page"}],"author":[{"embeddable":true,"href":"https:\/\/www.ultraseal-impregnation.com\/es\/wp-json\/wp\/v2\/users\/1"}],"replies":[{"embeddable":true,"href":"https:\/\/www.ultraseal-impregnation.com\/es\/wp-json\/wp\/v2\/comments?post=11"}],"version-history":[{"count":4,"href":"https:\/\/www.ultraseal-impregnation.com\/es\/wp-json\/wp\/v2\/pages\/11\/revisions"}],"predecessor-version":[{"id":2473,"href":"https:\/\/www.ultraseal-impregnation.com\/es\/wp-json\/wp\/v2\/pages\/11\/revisions\/2473"}],"wp:attachment":[{"href":"https:\/\/www.ultraseal-impregnation.com\/es\/wp-json\/wp\/v2\/media?parent=11"}],"curies":[{"name":"wp","href":"https:\/\/api.w.org\/{rel}","templated":true}]}}