{"id":612,"date":"2017-07-19T14:36:58","date_gmt":"2017-07-19T13:36:58","guid":{"rendered":"https:\/\/www.ultraseal-impregnation.com\/?page_id=612"},"modified":"2017-11-06T16:02:11","modified_gmt":"2017-11-06T16:02:11","slug":"industria-de-la-fundicion-y-moldeo","status":"publish","type":"page","link":"https:\/\/www.ultraseal-impregnation.com\/es\/acerca-de\/industrias\/industria-de-la-fundicion-y-moldeo\/","title":{"rendered":"Fundici\u00f3n y moldeo"},"content":{"rendered":"","protected":false},"excerpt":{"rendered":"<p>Tenemos una amplia y probada trayectoria ayudando a nuestros clientes en operaciones de fundici\u00f3n y moldeo. <\/p>\n","protected":false},"author":1,"featured_media":1028,"parent":605,"menu_order":0,"comment_status":"closed","ping_status":"closed","template":"","meta":{"footnotes":""},"class_list":["post-612","page","type-page","status-publish","has-post-thumbnail","hentry"],"yoast_head":"<!-- This site is optimized with the Yoast SEO plugin v27.2 - https:\/\/yoast.com\/product\/yoast-seo-wordpress\/ -->\n<title>Sellantes, sistemas y servicios de impregnaci\u00f3n para fundici\u00f3n y moldeo | Ultraseal International<\/title>\n<meta name=\"description\" content=\"Tras m\u00e1s de 40 a\u00f1os trabajando con clientes de fundici\u00f3n y moldeo, tenemos la soluci\u00f3n de impregnaci\u00f3n definitiva para el sellado de porosidades en componentes de fundici\u00f3n por moldeo\" \/>\n<meta name=\"robots\" content=\"index, follow, max-snippet:-1, max-image-preview:large, max-video-preview:-1\" \/>\n<link rel=\"canonical\" href=\"https:\/\/www.ultraseal-impregnation.com\/es\/acerca-de\/industrias\/industria-de-la-fundicion-y-moldeo\/\" \/>\n<meta property=\"og:locale\" content=\"es_ES\" \/>\n<meta property=\"og:type\" content=\"article\" \/>\n<meta property=\"og:title\" content=\"Sellantes, sistemas y servicios de impregnaci\u00f3n para fundici\u00f3n y moldeo | Ultraseal International\" \/>\n<meta property=\"og:description\" content=\"Tras m\u00e1s de 40 a\u00f1os trabajando con clientes de fundici\u00f3n y moldeo, tenemos la soluci\u00f3n de impregnaci\u00f3n definitiva para el sellado de porosidades en componentes de fundici\u00f3n por moldeo\" \/>\n<meta property=\"og:url\" content=\"https:\/\/www.ultraseal-impregnation.com\/es\/acerca-de\/industrias\/industria-de-la-fundicion-y-moldeo\/\" \/>\n<meta property=\"og:site_name\" content=\"Spain\" \/>\n<meta property=\"article:modified_time\" content=\"2017-11-06T16:02:11+00:00\" \/>\n<meta property=\"og:image\" content=\"https:\/\/www.ultraseal-impregnation.com\/es\/wp-content\/uploads\/sites\/9\/2017\/07\/15-foundry-and-cast-industry.jpg\" \/>\n\t<meta property=\"og:image:width\" content=\"505\" \/>\n\t<meta property=\"og:image:height\" content=\"501\" \/>\n\t<meta property=\"og:image:type\" content=\"image\/jpeg\" \/>\n<meta name=\"twitter:card\" content=\"summary_large_image\" \/>\n<script type=\"application\/ld+json\" class=\"yoast-schema-graph\">{\"@context\":\"https:\/\/schema.org\",\"@graph\":[{\"@type\":\"WebPage\",\"@id\":\"https:\/\/www.ultraseal-impregnation.com\/es\/acerca-de\/industrias\/industria-de-la-fundicion-y-moldeo\/\",\"url\":\"https:\/\/www.ultraseal-impregnation.com\/es\/acerca-de\/industrias\/industria-de-la-fundicion-y-moldeo\/\",\"name\":\"Sellantes, sistemas y servicios de impregnaci\u00f3n para fundici\u00f3n y moldeo | Ultraseal International\",\"isPartOf\":{\"@id\":\"https:\/\/www.ultraseal-impregnation.com\/es\/#website\"},\"primaryImageOfPage\":{\"@id\":\"https:\/\/www.ultraseal-impregnation.com\/es\/acerca-de\/industrias\/industria-de-la-fundicion-y-moldeo\/#primaryimage\"},\"image\":{\"@id\":\"https:\/\/www.ultraseal-impregnation.com\/es\/acerca-de\/industrias\/industria-de-la-fundicion-y-moldeo\/#primaryimage\"},\"thumbnailUrl\":\"https:\/\/www.ultraseal-impregnation.com\/es\/wp-content\/uploads\/sites\/9\/2017\/07\/15-foundry-and-cast-industry.jpg\",\"datePublished\":\"2017-07-19T13:36:58+00:00\",\"dateModified\":\"2017-11-06T16:02:11+00:00\",\"description\":\"Tras m\u00e1s de 40 a\u00f1os trabajando con clientes de fundici\u00f3n y moldeo, tenemos la soluci\u00f3n de impregnaci\u00f3n definitiva para el sellado de porosidades en componentes de fundici\u00f3n por moldeo\",\"breadcrumb\":{\"@id\":\"https:\/\/www.ultraseal-impregnation.com\/es\/acerca-de\/industrias\/industria-de-la-fundicion-y-moldeo\/#breadcrumb\"},\"inLanguage\":\"es\",\"potentialAction\":[{\"@type\":\"ReadAction\",\"target\":[\"https:\/\/www.ultraseal-impregnation.com\/es\/acerca-de\/industrias\/industria-de-la-fundicion-y-moldeo\/\"]}]},{\"@type\":\"ImageObject\",\"inLanguage\":\"es\",\"@id\":\"https:\/\/www.ultraseal-impregnation.com\/es\/acerca-de\/industrias\/industria-de-la-fundicion-y-moldeo\/#primaryimage\",\"url\":\"https:\/\/www.ultraseal-impregnation.com\/es\/wp-content\/uploads\/sites\/9\/2017\/07\/15-foundry-and-cast-industry.jpg\",\"contentUrl\":\"https:\/\/www.ultraseal-impregnation.com\/es\/wp-content\/uploads\/sites\/9\/2017\/07\/15-foundry-and-cast-industry.jpg\",\"width\":505,\"height\":501},{\"@type\":\"BreadcrumbList\",\"@id\":\"https:\/\/www.ultraseal-impregnation.com\/es\/acerca-de\/industrias\/industria-de-la-fundicion-y-moldeo\/#breadcrumb\",\"itemListElement\":[{\"@type\":\"ListItem\",\"position\":1,\"name\":\"Home\",\"item\":\"https:\/\/www.ultraseal-impregnation.com\/es\/\"},{\"@type\":\"ListItem\",\"position\":2,\"name\":\"Acerca de\",\"item\":\"https:\/\/www.ultraseal-impregnation.com\/es\/acerca-de\/\"},{\"@type\":\"ListItem\",\"position\":3,\"name\":\"Industrias\",\"item\":\"https:\/\/www.ultraseal-impregnation.com\/es\/acerca-de\/industrias\/\"},{\"@type\":\"ListItem\",\"position\":4,\"name\":\"Fundici\u00f3n y moldeo\"}]},{\"@type\":\"WebSite\",\"@id\":\"https:\/\/www.ultraseal-impregnation.com\/es\/#website\",\"url\":\"https:\/\/www.ultraseal-impregnation.com\/es\/\",\"name\":\"Spain\",\"description\":\"\",\"potentialAction\":[{\"@type\":\"SearchAction\",\"target\":{\"@type\":\"EntryPoint\",\"urlTemplate\":\"https:\/\/www.ultraseal-impregnation.com\/es\/?s={search_term_string}\"},\"query-input\":{\"@type\":\"PropertyValueSpecification\",\"valueRequired\":true,\"valueName\":\"search_term_string\"}}],\"inLanguage\":\"es\"}]}<\/script>\n<!-- \/ Yoast SEO plugin. -->","yoast_head_json":{"title":"Sellantes, sistemas y servicios de impregnaci\u00f3n para fundici\u00f3n y moldeo | Ultraseal International","description":"Tras m\u00e1s de 40 a\u00f1os trabajando con clientes de fundici\u00f3n y moldeo, tenemos la soluci\u00f3n de impregnaci\u00f3n definitiva para el sellado de porosidades en componentes de fundici\u00f3n por moldeo","robots":{"index":"index","follow":"follow","max-snippet":"max-snippet:-1","max-image-preview":"max-image-preview:large","max-video-preview":"max-video-preview:-1"},"canonical":"https:\/\/www.ultraseal-impregnation.com\/es\/acerca-de\/industrias\/industria-de-la-fundicion-y-moldeo\/","og_locale":"es_ES","og_type":"article","og_title":"Sellantes, sistemas y servicios de impregnaci\u00f3n para fundici\u00f3n y moldeo | Ultraseal International","og_description":"Tras m\u00e1s de 40 a\u00f1os trabajando con clientes de fundici\u00f3n y moldeo, tenemos la soluci\u00f3n de impregnaci\u00f3n definitiva para el sellado de porosidades en componentes de fundici\u00f3n por moldeo","og_url":"https:\/\/www.ultraseal-impregnation.com\/es\/acerca-de\/industrias\/industria-de-la-fundicion-y-moldeo\/","og_site_name":"Spain","article_modified_time":"2017-11-06T16:02:11+00:00","og_image":[{"width":505,"height":501,"url":"https:\/\/www.ultraseal-impregnation.com\/es\/wp-content\/uploads\/sites\/9\/2017\/07\/15-foundry-and-cast-industry.jpg","type":"image\/jpeg"}],"twitter_card":"summary_large_image","schema":{"@context":"https:\/\/schema.org","@graph":[{"@type":"WebPage","@id":"https:\/\/www.ultraseal-impregnation.com\/es\/acerca-de\/industrias\/industria-de-la-fundicion-y-moldeo\/","url":"https:\/\/www.ultraseal-impregnation.com\/es\/acerca-de\/industrias\/industria-de-la-fundicion-y-moldeo\/","name":"Sellantes, sistemas y servicios de impregnaci\u00f3n para fundici\u00f3n y moldeo | Ultraseal International","isPartOf":{"@id":"https:\/\/www.ultraseal-impregnation.com\/es\/#website"},"primaryImageOfPage":{"@id":"https:\/\/www.ultraseal-impregnation.com\/es\/acerca-de\/industrias\/industria-de-la-fundicion-y-moldeo\/#primaryimage"},"image":{"@id":"https:\/\/www.ultraseal-impregnation.com\/es\/acerca-de\/industrias\/industria-de-la-fundicion-y-moldeo\/#primaryimage"},"thumbnailUrl":"https:\/\/www.ultraseal-impregnation.com\/es\/wp-content\/uploads\/sites\/9\/2017\/07\/15-foundry-and-cast-industry.jpg","datePublished":"2017-07-19T13:36:58+00:00","dateModified":"2017-11-06T16:02:11+00:00","description":"Tras m\u00e1s de 40 a\u00f1os trabajando con clientes de fundici\u00f3n y moldeo, tenemos la soluci\u00f3n de impregnaci\u00f3n definitiva para el sellado de porosidades en componentes de fundici\u00f3n por moldeo","breadcrumb":{"@id":"https:\/\/www.ultraseal-impregnation.com\/es\/acerca-de\/industrias\/industria-de-la-fundicion-y-moldeo\/#breadcrumb"},"inLanguage":"es","potentialAction":[{"@type":"ReadAction","target":["https:\/\/www.ultraseal-impregnation.com\/es\/acerca-de\/industrias\/industria-de-la-fundicion-y-moldeo\/"]}]},{"@type":"ImageObject","inLanguage":"es","@id":"https:\/\/www.ultraseal-impregnation.com\/es\/acerca-de\/industrias\/industria-de-la-fundicion-y-moldeo\/#primaryimage","url":"https:\/\/www.ultraseal-impregnation.com\/es\/wp-content\/uploads\/sites\/9\/2017\/07\/15-foundry-and-cast-industry.jpg","contentUrl":"https:\/\/www.ultraseal-impregnation.com\/es\/wp-content\/uploads\/sites\/9\/2017\/07\/15-foundry-and-cast-industry.jpg","width":505,"height":501},{"@type":"BreadcrumbList","@id":"https:\/\/www.ultraseal-impregnation.com\/es\/acerca-de\/industrias\/industria-de-la-fundicion-y-moldeo\/#breadcrumb","itemListElement":[{"@type":"ListItem","position":1,"name":"Home","item":"https:\/\/www.ultraseal-impregnation.com\/es\/"},{"@type":"ListItem","position":2,"name":"Acerca de","item":"https:\/\/www.ultraseal-impregnation.com\/es\/acerca-de\/"},{"@type":"ListItem","position":3,"name":"Industrias","item":"https:\/\/www.ultraseal-impregnation.com\/es\/acerca-de\/industrias\/"},{"@type":"ListItem","position":4,"name":"Fundici\u00f3n y moldeo"}]},{"@type":"WebSite","@id":"https:\/\/www.ultraseal-impregnation.com\/es\/#website","url":"https:\/\/www.ultraseal-impregnation.com\/es\/","name":"Spain","description":"","potentialAction":[{"@type":"SearchAction","target":{"@type":"EntryPoint","urlTemplate":"https:\/\/www.ultraseal-impregnation.com\/es\/?s={search_term_string}"},"query-input":{"@type":"PropertyValueSpecification","valueRequired":true,"valueName":"search_term_string"}}],"inLanguage":"es"}]}},"_links":{"self":[{"href":"https:\/\/www.ultraseal-impregnation.com\/es\/wp-json\/wp\/v2\/pages\/612","targetHints":{"allow":["GET"]}}],"collection":[{"href":"https:\/\/www.ultraseal-impregnation.com\/es\/wp-json\/wp\/v2\/pages"}],"about":[{"href":"https:\/\/www.ultraseal-impregnation.com\/es\/wp-json\/wp\/v2\/types\/page"}],"author":[{"embeddable":true,"href":"https:\/\/www.ultraseal-impregnation.com\/es\/wp-json\/wp\/v2\/users\/1"}],"replies":[{"embeddable":true,"href":"https:\/\/www.ultraseal-impregnation.com\/es\/wp-json\/wp\/v2\/comments?post=612"}],"version-history":[{"count":4,"href":"https:\/\/www.ultraseal-impregnation.com\/es\/wp-json\/wp\/v2\/pages\/612\/revisions"}],"predecessor-version":[{"id":2341,"href":"https:\/\/www.ultraseal-impregnation.com\/es\/wp-json\/wp\/v2\/pages\/612\/revisions\/2341"}],"up":[{"embeddable":true,"href":"https:\/\/www.ultraseal-impregnation.com\/es\/wp-json\/wp\/v2\/pages\/605"}],"wp:featuredmedia":[{"embeddable":true,"href":"https:\/\/www.ultraseal-impregnation.com\/es\/wp-json\/wp\/v2\/media\/1028"}],"wp:attachment":[{"href":"https:\/\/www.ultraseal-impregnation.com\/es\/wp-json\/wp\/v2\/media?parent=612"}],"curies":[{"name":"wp","href":"https:\/\/api.w.org\/{rel}","templated":true}]}}