{"id":9,"date":"2017-07-10T09:27:41","date_gmt":"2017-07-10T08:27:41","guid":{"rendered":"https:\/\/www.ultraseal-impregnation.com\/?page_id=9"},"modified":"2017-07-10T09:27:41","modified_gmt":"2017-07-10T08:27:41","slug":"servicios-de-impregnacion","status":"publish","type":"page","link":"https:\/\/www.ultraseal-impregnation.com\/es\/servicios-de-impregnacion\/","title":{"rendered":"Servicios de impregnaci\u00f3n"},"content":{"rendered":"","protected":false},"excerpt":{"rendered":"<p>Para clientes que desean subcontratar sus requisitos de impregnaci\u00f3n, Ultraseal ofrece variedad y flexibilidad en sus servicios, d\u00e1ndole a sus negocios la calidad y el control que necesitan.<\/p>\n","protected":false},"author":1,"featured_media":1031,"parent":0,"menu_order":0,"comment_status":"closed","ping_status":"closed","template":"","meta":{"footnotes":""},"class_list":["post-9","page","type-page","status-publish","has-post-thumbnail","hentry"],"yoast_head":"<!-- This site is optimized with the Yoast SEO plugin v27.2 - https:\/\/yoast.com\/product\/yoast-seo-wordpress\/ -->\n<title>Sistemas de impregnaci\u00f3n subcontratados | Ultraseal International<\/title>\n<meta name=\"description\" content=\"Consiga el sellado definitivo frente a la porosidad: Subcontrate la impregnaci\u00f3n con nuestra red global de centros de servicio o benef\u00edciese de nuestro servicio in situ con gesti\u00f3n completa.\" \/>\n<meta name=\"robots\" content=\"index, follow, max-snippet:-1, max-image-preview:large, max-video-preview:-1\" \/>\n<link rel=\"canonical\" href=\"https:\/\/www.ultraseal-impregnation.com\/es\/servicios-de-impregnacion\/\" \/>\n<meta property=\"og:locale\" content=\"es_ES\" \/>\n<meta property=\"og:type\" content=\"article\" \/>\n<meta property=\"og:title\" content=\"Sistemas de impregnaci\u00f3n subcontratados | Ultraseal International\" \/>\n<meta property=\"og:description\" content=\"Consiga el sellado definitivo frente a la porosidad: Subcontrate la impregnaci\u00f3n con nuestra red global de centros de servicio o benef\u00edciese de nuestro servicio in situ con gesti\u00f3n completa.\" \/>\n<meta property=\"og:url\" content=\"https:\/\/www.ultraseal-impregnation.com\/es\/servicios-de-impregnacion\/\" \/>\n<meta property=\"og:site_name\" content=\"Spain\" \/>\n<meta property=\"og:image\" content=\"https:\/\/www.ultraseal-impregnation.com\/es\/wp-content\/uploads\/sites\/9\/2017\/07\/1-service-centre.jpg\" \/>\n\t<meta property=\"og:image:width\" content=\"505\" \/>\n\t<meta property=\"og:image:height\" content=\"501\" \/>\n\t<meta property=\"og:image:type\" content=\"image\/jpeg\" \/>\n<meta name=\"twitter:card\" content=\"summary_large_image\" \/>\n<script type=\"application\/ld+json\" class=\"yoast-schema-graph\">{\"@context\":\"https:\/\/schema.org\",\"@graph\":[{\"@type\":\"WebPage\",\"@id\":\"https:\/\/www.ultraseal-impregnation.com\/es\/servicios-de-impregnacion\/\",\"url\":\"https:\/\/www.ultraseal-impregnation.com\/es\/servicios-de-impregnacion\/\",\"name\":\"Sistemas de impregnaci\u00f3n subcontratados | Ultraseal International\",\"isPartOf\":{\"@id\":\"https:\/\/www.ultraseal-impregnation.com\/es\/#website\"},\"primaryImageOfPage\":{\"@id\":\"https:\/\/www.ultraseal-impregnation.com\/es\/servicios-de-impregnacion\/#primaryimage\"},\"image\":{\"@id\":\"https:\/\/www.ultraseal-impregnation.com\/es\/servicios-de-impregnacion\/#primaryimage\"},\"thumbnailUrl\":\"https:\/\/www.ultraseal-impregnation.com\/es\/wp-content\/uploads\/sites\/9\/2017\/07\/1-service-centre.jpg\",\"datePublished\":\"2017-07-10T08:27:41+00:00\",\"description\":\"Consiga el sellado definitivo frente a la porosidad: Subcontrate la impregnaci\u00f3n con nuestra red global de centros de servicio o benef\u00edciese de nuestro servicio in situ con gesti\u00f3n completa.\",\"breadcrumb\":{\"@id\":\"https:\/\/www.ultraseal-impregnation.com\/es\/servicios-de-impregnacion\/#breadcrumb\"},\"inLanguage\":\"es\",\"potentialAction\":[{\"@type\":\"ReadAction\",\"target\":[\"https:\/\/www.ultraseal-impregnation.com\/es\/servicios-de-impregnacion\/\"]}]},{\"@type\":\"ImageObject\",\"inLanguage\":\"es\",\"@id\":\"https:\/\/www.ultraseal-impregnation.com\/es\/servicios-de-impregnacion\/#primaryimage\",\"url\":\"https:\/\/www.ultraseal-impregnation.com\/es\/wp-content\/uploads\/sites\/9\/2017\/07\/1-service-centre.jpg\",\"contentUrl\":\"https:\/\/www.ultraseal-impregnation.com\/es\/wp-content\/uploads\/sites\/9\/2017\/07\/1-service-centre.jpg\",\"width\":505,\"height\":501},{\"@type\":\"BreadcrumbList\",\"@id\":\"https:\/\/www.ultraseal-impregnation.com\/es\/servicios-de-impregnacion\/#breadcrumb\",\"itemListElement\":[{\"@type\":\"ListItem\",\"position\":1,\"name\":\"Home\",\"item\":\"https:\/\/www.ultraseal-impregnation.com\/es\/\"},{\"@type\":\"ListItem\",\"position\":2,\"name\":\"Servicios de impregnaci\u00f3n\"}]},{\"@type\":\"WebSite\",\"@id\":\"https:\/\/www.ultraseal-impregnation.com\/es\/#website\",\"url\":\"https:\/\/www.ultraseal-impregnation.com\/es\/\",\"name\":\"Spain\",\"description\":\"\",\"potentialAction\":[{\"@type\":\"SearchAction\",\"target\":{\"@type\":\"EntryPoint\",\"urlTemplate\":\"https:\/\/www.ultraseal-impregnation.com\/es\/?s={search_term_string}\"},\"query-input\":{\"@type\":\"PropertyValueSpecification\",\"valueRequired\":true,\"valueName\":\"search_term_string\"}}],\"inLanguage\":\"es\"}]}<\/script>\n<!-- \/ Yoast SEO plugin. -->","yoast_head_json":{"title":"Sistemas de impregnaci\u00f3n subcontratados | Ultraseal International","description":"Consiga el sellado definitivo frente a la porosidad: Subcontrate la impregnaci\u00f3n con nuestra red global de centros de servicio o benef\u00edciese de nuestro servicio in situ con gesti\u00f3n completa.","robots":{"index":"index","follow":"follow","max-snippet":"max-snippet:-1","max-image-preview":"max-image-preview:large","max-video-preview":"max-video-preview:-1"},"canonical":"https:\/\/www.ultraseal-impregnation.com\/es\/servicios-de-impregnacion\/","og_locale":"es_ES","og_type":"article","og_title":"Sistemas de impregnaci\u00f3n subcontratados | Ultraseal International","og_description":"Consiga el sellado definitivo frente a la porosidad: Subcontrate la impregnaci\u00f3n con nuestra red global de centros de servicio o benef\u00edciese de nuestro servicio in situ con gesti\u00f3n completa.","og_url":"https:\/\/www.ultraseal-impregnation.com\/es\/servicios-de-impregnacion\/","og_site_name":"Spain","og_image":[{"width":505,"height":501,"url":"https:\/\/www.ultraseal-impregnation.com\/es\/wp-content\/uploads\/sites\/9\/2017\/07\/1-service-centre.jpg","type":"image\/jpeg"}],"twitter_card":"summary_large_image","schema":{"@context":"https:\/\/schema.org","@graph":[{"@type":"WebPage","@id":"https:\/\/www.ultraseal-impregnation.com\/es\/servicios-de-impregnacion\/","url":"https:\/\/www.ultraseal-impregnation.com\/es\/servicios-de-impregnacion\/","name":"Sistemas de impregnaci\u00f3n subcontratados | Ultraseal International","isPartOf":{"@id":"https:\/\/www.ultraseal-impregnation.com\/es\/#website"},"primaryImageOfPage":{"@id":"https:\/\/www.ultraseal-impregnation.com\/es\/servicios-de-impregnacion\/#primaryimage"},"image":{"@id":"https:\/\/www.ultraseal-impregnation.com\/es\/servicios-de-impregnacion\/#primaryimage"},"thumbnailUrl":"https:\/\/www.ultraseal-impregnation.com\/es\/wp-content\/uploads\/sites\/9\/2017\/07\/1-service-centre.jpg","datePublished":"2017-07-10T08:27:41+00:00","description":"Consiga el sellado definitivo frente a la porosidad: Subcontrate la impregnaci\u00f3n con nuestra red global de centros de servicio o benef\u00edciese de nuestro servicio in situ con gesti\u00f3n completa.","breadcrumb":{"@id":"https:\/\/www.ultraseal-impregnation.com\/es\/servicios-de-impregnacion\/#breadcrumb"},"inLanguage":"es","potentialAction":[{"@type":"ReadAction","target":["https:\/\/www.ultraseal-impregnation.com\/es\/servicios-de-impregnacion\/"]}]},{"@type":"ImageObject","inLanguage":"es","@id":"https:\/\/www.ultraseal-impregnation.com\/es\/servicios-de-impregnacion\/#primaryimage","url":"https:\/\/www.ultraseal-impregnation.com\/es\/wp-content\/uploads\/sites\/9\/2017\/07\/1-service-centre.jpg","contentUrl":"https:\/\/www.ultraseal-impregnation.com\/es\/wp-content\/uploads\/sites\/9\/2017\/07\/1-service-centre.jpg","width":505,"height":501},{"@type":"BreadcrumbList","@id":"https:\/\/www.ultraseal-impregnation.com\/es\/servicios-de-impregnacion\/#breadcrumb","itemListElement":[{"@type":"ListItem","position":1,"name":"Home","item":"https:\/\/www.ultraseal-impregnation.com\/es\/"},{"@type":"ListItem","position":2,"name":"Servicios de impregnaci\u00f3n"}]},{"@type":"WebSite","@id":"https:\/\/www.ultraseal-impregnation.com\/es\/#website","url":"https:\/\/www.ultraseal-impregnation.com\/es\/","name":"Spain","description":"","potentialAction":[{"@type":"SearchAction","target":{"@type":"EntryPoint","urlTemplate":"https:\/\/www.ultraseal-impregnation.com\/es\/?s={search_term_string}"},"query-input":{"@type":"PropertyValueSpecification","valueRequired":true,"valueName":"search_term_string"}}],"inLanguage":"es"}]}},"_links":{"self":[{"href":"https:\/\/www.ultraseal-impregnation.com\/es\/wp-json\/wp\/v2\/pages\/9","targetHints":{"allow":["GET"]}}],"collection":[{"href":"https:\/\/www.ultraseal-impregnation.com\/es\/wp-json\/wp\/v2\/pages"}],"about":[{"href":"https:\/\/www.ultraseal-impregnation.com\/es\/wp-json\/wp\/v2\/types\/page"}],"author":[{"embeddable":true,"href":"https:\/\/www.ultraseal-impregnation.com\/es\/wp-json\/wp\/v2\/users\/1"}],"replies":[{"embeddable":true,"href":"https:\/\/www.ultraseal-impregnation.com\/es\/wp-json\/wp\/v2\/comments?post=9"}],"version-history":[{"count":0,"href":"https:\/\/www.ultraseal-impregnation.com\/es\/wp-json\/wp\/v2\/pages\/9\/revisions"}],"wp:featuredmedia":[{"embeddable":true,"href":"https:\/\/www.ultraseal-impregnation.com\/es\/wp-json\/wp\/v2\/media\/1031"}],"wp:attachment":[{"href":"https:\/\/www.ultraseal-impregnation.com\/es\/wp-json\/wp\/v2\/media?parent=9"}],"curies":[{"name":"wp","href":"https:\/\/api.w.org\/{rel}","templated":true}]}}