{"id":137,"date":"2017-07-10T15:38:01","date_gmt":"2017-07-10T14:38:01","guid":{"rendered":"https:\/\/www.ultraseal-impregnation.com\/?page_id=137"},"modified":"2018-07-03T05:18:20","modified_gmt":"2018-07-03T10:18:20","slug":"tecnologia-de-reciclaje-ultraseal","status":"publish","type":"page","link":"https:\/\/www.ultraseal-impregnation.com\/mx\/tecnologia-de-reciclaje-ultraseal\/","title":{"rendered":"Tecnolog\u00eda de reciclaje Ultraseal"},"content":{"rendered":"","protected":false},"excerpt":{"rendered":"<p>Todos los sistemas de impregnaci\u00f3n Ultraseal se pueden especificar con la tecnolog\u00eda de reciclaje y los selladores reciclables Ultraseal, l\u00edderes en el mercado, que le proporcionan la mejor sustentabilidad en su categor\u00eda.<\/p>\n","protected":false},"author":1,"featured_media":0,"parent":0,"menu_order":0,"comment_status":"closed","ping_status":"closed","template":"","meta":{"footnotes":""},"class_list":["post-137","page","type-page","status-publish","hentry"],"yoast_head":"<!-- This site is optimized with the Yoast SEO plugin v27.2 - https:\/\/yoast.com\/product\/yoast-seo-wordpress\/ -->\n<title>Tecnolog\u00eda de reciclaje Ultraseal - MEXICO<\/title>\n<meta name=\"robots\" content=\"index, follow, max-snippet:-1, max-image-preview:large, max-video-preview:-1\" \/>\n<link rel=\"canonical\" href=\"https:\/\/www.ultraseal-impregnation.com\/mx\/tecnologia-de-reciclaje-ultraseal\/\" \/>\n<meta property=\"og:locale\" content=\"es_MX\" \/>\n<meta property=\"og:type\" content=\"article\" \/>\n<meta property=\"og:title\" content=\"Tecnolog\u00eda de reciclaje Ultraseal - MEXICO\" \/>\n<meta property=\"og:description\" content=\"Todos los sistemas de impregnaci\u00f3n Ultraseal se pueden especificar con la tecnolog\u00eda de reciclaje y los selladores reciclables Ultraseal, l\u00edderes en el mercado, que le proporcionan la mejor sustentabilidad en su categor\u00eda.\" \/>\n<meta property=\"og:url\" content=\"https:\/\/www.ultraseal-impregnation.com\/mx\/tecnologia-de-reciclaje-ultraseal\/\" \/>\n<meta property=\"og:site_name\" content=\"MEXICO\" \/>\n<meta property=\"article:modified_time\" content=\"2018-07-03T10:18:20+00:00\" \/>\n<meta name=\"twitter:card\" content=\"summary_large_image\" \/>\n<script type=\"application\/ld+json\" class=\"yoast-schema-graph\">{\"@context\":\"https:\/\/schema.org\",\"@graph\":[{\"@type\":\"WebPage\",\"@id\":\"https:\/\/www.ultraseal-impregnation.com\/mx\/tecnologia-de-reciclaje-ultraseal\/\",\"url\":\"https:\/\/www.ultraseal-impregnation.com\/mx\/tecnologia-de-reciclaje-ultraseal\/\",\"name\":\"Tecnolog\u00eda de reciclaje Ultraseal - MEXICO\",\"isPartOf\":{\"@id\":\"https:\/\/www.ultraseal-impregnation.com\/mx\/#website\"},\"datePublished\":\"2017-07-10T14:38:01+00:00\",\"dateModified\":\"2018-07-03T10:18:20+00:00\",\"breadcrumb\":{\"@id\":\"https:\/\/www.ultraseal-impregnation.com\/mx\/tecnologia-de-reciclaje-ultraseal\/#breadcrumb\"},\"inLanguage\":\"es\",\"potentialAction\":[{\"@type\":\"ReadAction\",\"target\":[\"https:\/\/www.ultraseal-impregnation.com\/mx\/tecnologia-de-reciclaje-ultraseal\/\"]}]},{\"@type\":\"BreadcrumbList\",\"@id\":\"https:\/\/www.ultraseal-impregnation.com\/mx\/tecnologia-de-reciclaje-ultraseal\/#breadcrumb\",\"itemListElement\":[{\"@type\":\"ListItem\",\"position\":1,\"name\":\"Home\",\"item\":\"https:\/\/www.ultraseal-impregnation.com\/mx\/\"},{\"@type\":\"ListItem\",\"position\":2,\"name\":\"Tecnolog\u00eda de reciclaje Ultraseal\"}]},{\"@type\":\"WebSite\",\"@id\":\"https:\/\/www.ultraseal-impregnation.com\/mx\/#website\",\"url\":\"https:\/\/www.ultraseal-impregnation.com\/mx\/\",\"name\":\"MEXICO\",\"description\":\"\",\"potentialAction\":[{\"@type\":\"SearchAction\",\"target\":{\"@type\":\"EntryPoint\",\"urlTemplate\":\"https:\/\/www.ultraseal-impregnation.com\/mx\/?s={search_term_string}\"},\"query-input\":{\"@type\":\"PropertyValueSpecification\",\"valueRequired\":true,\"valueName\":\"search_term_string\"}}],\"inLanguage\":\"es\"}]}<\/script>\n<!-- \/ Yoast SEO plugin. -->","yoast_head_json":{"title":"Tecnolog\u00eda de reciclaje Ultraseal - MEXICO","robots":{"index":"index","follow":"follow","max-snippet":"max-snippet:-1","max-image-preview":"max-image-preview:large","max-video-preview":"max-video-preview:-1"},"canonical":"https:\/\/www.ultraseal-impregnation.com\/mx\/tecnologia-de-reciclaje-ultraseal\/","og_locale":"es_MX","og_type":"article","og_title":"Tecnolog\u00eda de reciclaje Ultraseal - MEXICO","og_description":"Todos los sistemas de impregnaci\u00f3n Ultraseal se pueden especificar con la tecnolog\u00eda de reciclaje y los selladores reciclables Ultraseal, l\u00edderes en el mercado, que le proporcionan la mejor sustentabilidad en su categor\u00eda.","og_url":"https:\/\/www.ultraseal-impregnation.com\/mx\/tecnologia-de-reciclaje-ultraseal\/","og_site_name":"MEXICO","article_modified_time":"2018-07-03T10:18:20+00:00","twitter_card":"summary_large_image","schema":{"@context":"https:\/\/schema.org","@graph":[{"@type":"WebPage","@id":"https:\/\/www.ultraseal-impregnation.com\/mx\/tecnologia-de-reciclaje-ultraseal\/","url":"https:\/\/www.ultraseal-impregnation.com\/mx\/tecnologia-de-reciclaje-ultraseal\/","name":"Tecnolog\u00eda de reciclaje Ultraseal - MEXICO","isPartOf":{"@id":"https:\/\/www.ultraseal-impregnation.com\/mx\/#website"},"datePublished":"2017-07-10T14:38:01+00:00","dateModified":"2018-07-03T10:18:20+00:00","breadcrumb":{"@id":"https:\/\/www.ultraseal-impregnation.com\/mx\/tecnologia-de-reciclaje-ultraseal\/#breadcrumb"},"inLanguage":"es","potentialAction":[{"@type":"ReadAction","target":["https:\/\/www.ultraseal-impregnation.com\/mx\/tecnologia-de-reciclaje-ultraseal\/"]}]},{"@type":"BreadcrumbList","@id":"https:\/\/www.ultraseal-impregnation.com\/mx\/tecnologia-de-reciclaje-ultraseal\/#breadcrumb","itemListElement":[{"@type":"ListItem","position":1,"name":"Home","item":"https:\/\/www.ultraseal-impregnation.com\/mx\/"},{"@type":"ListItem","position":2,"name":"Tecnolog\u00eda de reciclaje Ultraseal"}]},{"@type":"WebSite","@id":"https:\/\/www.ultraseal-impregnation.com\/mx\/#website","url":"https:\/\/www.ultraseal-impregnation.com\/mx\/","name":"MEXICO","description":"","potentialAction":[{"@type":"SearchAction","target":{"@type":"EntryPoint","urlTemplate":"https:\/\/www.ultraseal-impregnation.com\/mx\/?s={search_term_string}"},"query-input":{"@type":"PropertyValueSpecification","valueRequired":true,"valueName":"search_term_string"}}],"inLanguage":"es"}]}},"_links":{"self":[{"href":"https:\/\/www.ultraseal-impregnation.com\/mx\/wp-json\/wp\/v2\/pages\/137","targetHints":{"allow":["GET"]}}],"collection":[{"href":"https:\/\/www.ultraseal-impregnation.com\/mx\/wp-json\/wp\/v2\/pages"}],"about":[{"href":"https:\/\/www.ultraseal-impregnation.com\/mx\/wp-json\/wp\/v2\/types\/page"}],"author":[{"embeddable":true,"href":"https:\/\/www.ultraseal-impregnation.com\/mx\/wp-json\/wp\/v2\/users\/1"}],"replies":[{"embeddable":true,"href":"https:\/\/www.ultraseal-impregnation.com\/mx\/wp-json\/wp\/v2\/comments?post=137"}],"version-history":[{"count":1,"href":"https:\/\/www.ultraseal-impregnation.com\/mx\/wp-json\/wp\/v2\/pages\/137\/revisions"}],"predecessor-version":[{"id":2346,"href":"https:\/\/www.ultraseal-impregnation.com\/mx\/wp-json\/wp\/v2\/pages\/137\/revisions\/2346"}],"wp:attachment":[{"href":"https:\/\/www.ultraseal-impregnation.com\/mx\/wp-json\/wp\/v2\/media?parent=137"}],"curies":[{"name":"wp","href":"https:\/\/api.w.org\/{rel}","templated":true}]}}