{"id":605,"date":"2017-07-19T14:29:54","date_gmt":"2017-07-19T13:29:54","guid":{"rendered":"https:\/\/www.ultraseal-impregnation.com\/?page_id=605"},"modified":"2017-07-19T14:29:54","modified_gmt":"2017-07-19T13:29:54","slug":"industrias","status":"publish","type":"page","link":"https:\/\/www.ultraseal-impregnation.com\/mx\/acerca-de\/industrias\/","title":{"rendered":"Industrias"},"content":{"rendered":"","protected":false},"excerpt":{"rendered":"<p>El \u00fanico especialista en selladores de porosidades que ofrece selladores, tecnolog\u00eda, servicio gestionado y centros de servicio, Ultraseal puede dar forma a sus productos y servicios para ofrecerle la soluci\u00f3n definitiva en sellado de porosidades.<\/p>\n","protected":false},"author":1,"featured_media":0,"parent":13,"menu_order":0,"comment_status":"closed","ping_status":"closed","template":"","meta":{"footnotes":""},"class_list":["post-605","page","type-page","status-publish","hentry"],"yoast_head":"<!-- This site is optimized with the Yoast SEO plugin v27.2 - https:\/\/yoast.com\/product\/yoast-seo-wordpress\/ -->\n<title>Industrias a las que prestamos servicio | Ultraseal International<\/title>\n<meta name=\"description\" content=\"Proporcionamos una soluci\u00f3n definitiva para el sellado de porosidades en componentes de fundici\u00f3n, pl\u00e1stico, sinterizados y el\u00e9ctricos a muchos sectores industriales en todo el mundo\" \/>\n<meta name=\"robots\" content=\"index, follow, max-snippet:-1, max-image-preview:large, max-video-preview:-1\" \/>\n<link rel=\"canonical\" href=\"https:\/\/www.ultraseal-impregnation.com\/mx\/acerca-de\/industrias\/\" \/>\n<meta property=\"og:locale\" content=\"es_MX\" \/>\n<meta property=\"og:type\" content=\"article\" \/>\n<meta property=\"og:title\" content=\"Industrias a las que prestamos servicio | Ultraseal International\" \/>\n<meta property=\"og:description\" content=\"Proporcionamos una soluci\u00f3n definitiva para el sellado de porosidades en componentes de fundici\u00f3n, pl\u00e1stico, sinterizados y el\u00e9ctricos a muchos sectores industriales en todo el mundo\" \/>\n<meta property=\"og:url\" content=\"https:\/\/www.ultraseal-impregnation.com\/mx\/acerca-de\/industrias\/\" \/>\n<meta property=\"og:site_name\" content=\"MEXICO\" \/>\n<meta name=\"twitter:card\" content=\"summary_large_image\" \/>\n<script type=\"application\/ld+json\" class=\"yoast-schema-graph\">{\"@context\":\"https:\/\/schema.org\",\"@graph\":[{\"@type\":\"WebPage\",\"@id\":\"https:\/\/www.ultraseal-impregnation.com\/mx\/acerca-de\/industrias\/\",\"url\":\"https:\/\/www.ultraseal-impregnation.com\/mx\/acerca-de\/industrias\/\",\"name\":\"Industrias a las que prestamos servicio | Ultraseal International\",\"isPartOf\":{\"@id\":\"https:\/\/www.ultraseal-impregnation.com\/mx\/#website\"},\"datePublished\":\"2017-07-19T13:29:54+00:00\",\"description\":\"Proporcionamos una soluci\u00f3n definitiva para el sellado de porosidades en componentes de fundici\u00f3n, pl\u00e1stico, sinterizados y el\u00e9ctricos a muchos sectores industriales en todo el mundo\",\"breadcrumb\":{\"@id\":\"https:\/\/www.ultraseal-impregnation.com\/mx\/acerca-de\/industrias\/#breadcrumb\"},\"inLanguage\":\"es\",\"potentialAction\":[{\"@type\":\"ReadAction\",\"target\":[\"https:\/\/www.ultraseal-impregnation.com\/mx\/acerca-de\/industrias\/\"]}]},{\"@type\":\"BreadcrumbList\",\"@id\":\"https:\/\/www.ultraseal-impregnation.com\/mx\/acerca-de\/industrias\/#breadcrumb\",\"itemListElement\":[{\"@type\":\"ListItem\",\"position\":1,\"name\":\"Home\",\"item\":\"https:\/\/www.ultraseal-impregnation.com\/mx\/\"},{\"@type\":\"ListItem\",\"position\":2,\"name\":\"Acerca de\",\"item\":\"https:\/\/www.ultraseal-impregnation.com\/mx\/acerca-de\/\"},{\"@type\":\"ListItem\",\"position\":3,\"name\":\"Industrias\"}]},{\"@type\":\"WebSite\",\"@id\":\"https:\/\/www.ultraseal-impregnation.com\/mx\/#website\",\"url\":\"https:\/\/www.ultraseal-impregnation.com\/mx\/\",\"name\":\"MEXICO\",\"description\":\"\",\"potentialAction\":[{\"@type\":\"SearchAction\",\"target\":{\"@type\":\"EntryPoint\",\"urlTemplate\":\"https:\/\/www.ultraseal-impregnation.com\/mx\/?s={search_term_string}\"},\"query-input\":{\"@type\":\"PropertyValueSpecification\",\"valueRequired\":true,\"valueName\":\"search_term_string\"}}],\"inLanguage\":\"es\"}]}<\/script>\n<!-- \/ Yoast SEO plugin. -->","yoast_head_json":{"title":"Industrias a las que prestamos servicio | Ultraseal International","description":"Proporcionamos una soluci\u00f3n definitiva para el sellado de porosidades en componentes de fundici\u00f3n, pl\u00e1stico, sinterizados y el\u00e9ctricos a muchos sectores industriales en todo el mundo","robots":{"index":"index","follow":"follow","max-snippet":"max-snippet:-1","max-image-preview":"max-image-preview:large","max-video-preview":"max-video-preview:-1"},"canonical":"https:\/\/www.ultraseal-impregnation.com\/mx\/acerca-de\/industrias\/","og_locale":"es_MX","og_type":"article","og_title":"Industrias a las que prestamos servicio | Ultraseal International","og_description":"Proporcionamos una soluci\u00f3n definitiva para el sellado de porosidades en componentes de fundici\u00f3n, pl\u00e1stico, sinterizados y el\u00e9ctricos a muchos sectores industriales en todo el mundo","og_url":"https:\/\/www.ultraseal-impregnation.com\/mx\/acerca-de\/industrias\/","og_site_name":"MEXICO","twitter_card":"summary_large_image","schema":{"@context":"https:\/\/schema.org","@graph":[{"@type":"WebPage","@id":"https:\/\/www.ultraseal-impregnation.com\/mx\/acerca-de\/industrias\/","url":"https:\/\/www.ultraseal-impregnation.com\/mx\/acerca-de\/industrias\/","name":"Industrias a las que prestamos servicio | Ultraseal International","isPartOf":{"@id":"https:\/\/www.ultraseal-impregnation.com\/mx\/#website"},"datePublished":"2017-07-19T13:29:54+00:00","description":"Proporcionamos una soluci\u00f3n definitiva para el sellado de porosidades en componentes de fundici\u00f3n, pl\u00e1stico, sinterizados y el\u00e9ctricos a muchos sectores industriales en todo el mundo","breadcrumb":{"@id":"https:\/\/www.ultraseal-impregnation.com\/mx\/acerca-de\/industrias\/#breadcrumb"},"inLanguage":"es","potentialAction":[{"@type":"ReadAction","target":["https:\/\/www.ultraseal-impregnation.com\/mx\/acerca-de\/industrias\/"]}]},{"@type":"BreadcrumbList","@id":"https:\/\/www.ultraseal-impregnation.com\/mx\/acerca-de\/industrias\/#breadcrumb","itemListElement":[{"@type":"ListItem","position":1,"name":"Home","item":"https:\/\/www.ultraseal-impregnation.com\/mx\/"},{"@type":"ListItem","position":2,"name":"Acerca de","item":"https:\/\/www.ultraseal-impregnation.com\/mx\/acerca-de\/"},{"@type":"ListItem","position":3,"name":"Industrias"}]},{"@type":"WebSite","@id":"https:\/\/www.ultraseal-impregnation.com\/mx\/#website","url":"https:\/\/www.ultraseal-impregnation.com\/mx\/","name":"MEXICO","description":"","potentialAction":[{"@type":"SearchAction","target":{"@type":"EntryPoint","urlTemplate":"https:\/\/www.ultraseal-impregnation.com\/mx\/?s={search_term_string}"},"query-input":{"@type":"PropertyValueSpecification","valueRequired":true,"valueName":"search_term_string"}}],"inLanguage":"es"}]}},"_links":{"self":[{"href":"https:\/\/www.ultraseal-impregnation.com\/mx\/wp-json\/wp\/v2\/pages\/605","targetHints":{"allow":["GET"]}}],"collection":[{"href":"https:\/\/www.ultraseal-impregnation.com\/mx\/wp-json\/wp\/v2\/pages"}],"about":[{"href":"https:\/\/www.ultraseal-impregnation.com\/mx\/wp-json\/wp\/v2\/types\/page"}],"author":[{"embeddable":true,"href":"https:\/\/www.ultraseal-impregnation.com\/mx\/wp-json\/wp\/v2\/users\/1"}],"replies":[{"embeddable":true,"href":"https:\/\/www.ultraseal-impregnation.com\/mx\/wp-json\/wp\/v2\/comments?post=605"}],"version-history":[{"count":0,"href":"https:\/\/www.ultraseal-impregnation.com\/mx\/wp-json\/wp\/v2\/pages\/605\/revisions"}],"up":[{"embeddable":true,"href":"https:\/\/www.ultraseal-impregnation.com\/mx\/wp-json\/wp\/v2\/pages\/13"}],"wp:attachment":[{"href":"https:\/\/www.ultraseal-impregnation.com\/mx\/wp-json\/wp\/v2\/media?parent=605"}],"curies":[{"name":"wp","href":"https:\/\/api.w.org\/{rel}","templated":true}]}}