{"id":607,"date":"2017-07-19T14:30:06","date_gmt":"2017-07-19T13:30:06","guid":{"rendered":"https:\/\/www.ultraseal-impregnation.com\/?page_id=607"},"modified":"2017-11-06T16:13:27","modified_gmt":"2017-11-06T16:13:27","slug":"marino","status":"publish","type":"page","link":"https:\/\/www.ultraseal-impregnation.com\/mx\/acerca-de\/industrias\/marino\/","title":{"rendered":"Marino"},"content":{"rendered":"","protected":false},"excerpt":{"rendered":"<p>Los requerimientos de rendimiento de los componentes marinos exigen un sellado definitivo de porosidades; raz\u00f3n por la que nos hemos ganado una gran reputaci\u00f3n en el sector gracias a nuestra calidad y fiabilidad.<\/p>\n","protected":false},"author":1,"featured_media":1171,"parent":605,"menu_order":0,"comment_status":"closed","ping_status":"closed","template":"","meta":{"footnotes":""},"class_list":["post-607","page","type-page","status-publish","has-post-thumbnail","hentry"],"yoast_head":"<!-- This site is optimized with the Yoast SEO plugin v27.2 - https:\/\/yoast.com\/product\/yoast-seo-wordpress\/ -->\n<title>Selladores, equipos y servicios de impregnaci\u00f3n para el sector marino | Ultraseal International<\/title>\n<meta name=\"description\" content=\"Selladores, equipos y servicios de impregnaci\u00f3n que proporcionan un sellado definitivo de porosidades en motores, v\u00e1lvulas y cuerpos de bombas marinos. Aprobado por las especificaciones militares de los EE. UU.\" \/>\n<meta name=\"robots\" content=\"index, follow, max-snippet:-1, max-image-preview:large, max-video-preview:-1\" \/>\n<link rel=\"canonical\" href=\"https:\/\/www.ultraseal-impregnation.com\/mx\/acerca-de\/industrias\/marino\/\" \/>\n<meta property=\"og:locale\" content=\"es_MX\" \/>\n<meta property=\"og:type\" content=\"article\" \/>\n<meta property=\"og:title\" content=\"Selladores, equipos y servicios de impregnaci\u00f3n para el sector marino | Ultraseal International\" \/>\n<meta property=\"og:description\" content=\"Selladores, equipos y servicios de impregnaci\u00f3n que proporcionan un sellado definitivo de porosidades en motores, v\u00e1lvulas y cuerpos de bombas marinos. Aprobado por las especificaciones militares de los EE. UU.\" \/>\n<meta property=\"og:url\" content=\"https:\/\/www.ultraseal-impregnation.com\/mx\/acerca-de\/industrias\/marino\/\" \/>\n<meta property=\"og:site_name\" content=\"MEXICO\" \/>\n<meta property=\"article:modified_time\" content=\"2017-11-06T16:13:27+00:00\" \/>\n<meta property=\"og:image\" content=\"https:\/\/www.ultraseal-impregnation.com\/mx\/wp-content\/uploads\/sites\/7\/2017\/07\/marine-engine.jpg\" \/>\n\t<meta property=\"og:image:width\" content=\"505\" \/>\n\t<meta property=\"og:image:height\" content=\"501\" \/>\n\t<meta property=\"og:image:type\" content=\"image\/jpeg\" \/>\n<meta name=\"twitter:card\" content=\"summary_large_image\" \/>\n<script type=\"application\/ld+json\" class=\"yoast-schema-graph\">{\"@context\":\"https:\/\/schema.org\",\"@graph\":[{\"@type\":\"WebPage\",\"@id\":\"https:\/\/www.ultraseal-impregnation.com\/mx\/acerca-de\/industrias\/marino\/\",\"url\":\"https:\/\/www.ultraseal-impregnation.com\/mx\/acerca-de\/industrias\/marino\/\",\"name\":\"Selladores, equipos y servicios de impregnaci\u00f3n para el sector marino | Ultraseal International\",\"isPartOf\":{\"@id\":\"https:\/\/www.ultraseal-impregnation.com\/mx\/#website\"},\"primaryImageOfPage\":{\"@id\":\"https:\/\/www.ultraseal-impregnation.com\/mx\/acerca-de\/industrias\/marino\/#primaryimage\"},\"image\":{\"@id\":\"https:\/\/www.ultraseal-impregnation.com\/mx\/acerca-de\/industrias\/marino\/#primaryimage\"},\"thumbnailUrl\":\"https:\/\/www.ultraseal-impregnation.com\/mx\/wp-content\/uploads\/sites\/7\/2017\/07\/marine-engine.jpg\",\"datePublished\":\"2017-07-19T13:30:06+00:00\",\"dateModified\":\"2017-11-06T16:13:27+00:00\",\"description\":\"Selladores, equipos y servicios de impregnaci\u00f3n que proporcionan un sellado definitivo de porosidades en motores, v\u00e1lvulas y cuerpos de bombas marinos. Aprobado por las especificaciones militares de los EE. UU.\",\"breadcrumb\":{\"@id\":\"https:\/\/www.ultraseal-impregnation.com\/mx\/acerca-de\/industrias\/marino\/#breadcrumb\"},\"inLanguage\":\"es\",\"potentialAction\":[{\"@type\":\"ReadAction\",\"target\":[\"https:\/\/www.ultraseal-impregnation.com\/mx\/acerca-de\/industrias\/marino\/\"]}]},{\"@type\":\"ImageObject\",\"inLanguage\":\"es\",\"@id\":\"https:\/\/www.ultraseal-impregnation.com\/mx\/acerca-de\/industrias\/marino\/#primaryimage\",\"url\":\"https:\/\/www.ultraseal-impregnation.com\/mx\/wp-content\/uploads\/sites\/7\/2017\/07\/marine-engine.jpg\",\"contentUrl\":\"https:\/\/www.ultraseal-impregnation.com\/mx\/wp-content\/uploads\/sites\/7\/2017\/07\/marine-engine.jpg\",\"width\":505,\"height\":501},{\"@type\":\"BreadcrumbList\",\"@id\":\"https:\/\/www.ultraseal-impregnation.com\/mx\/acerca-de\/industrias\/marino\/#breadcrumb\",\"itemListElement\":[{\"@type\":\"ListItem\",\"position\":1,\"name\":\"Home\",\"item\":\"https:\/\/www.ultraseal-impregnation.com\/mx\/\"},{\"@type\":\"ListItem\",\"position\":2,\"name\":\"Acerca de\",\"item\":\"https:\/\/www.ultraseal-impregnation.com\/mx\/acerca-de\/\"},{\"@type\":\"ListItem\",\"position\":3,\"name\":\"Industrias\",\"item\":\"https:\/\/www.ultraseal-impregnation.com\/mx\/acerca-de\/industrias\/\"},{\"@type\":\"ListItem\",\"position\":4,\"name\":\"Marino\"}]},{\"@type\":\"WebSite\",\"@id\":\"https:\/\/www.ultraseal-impregnation.com\/mx\/#website\",\"url\":\"https:\/\/www.ultraseal-impregnation.com\/mx\/\",\"name\":\"MEXICO\",\"description\":\"\",\"potentialAction\":[{\"@type\":\"SearchAction\",\"target\":{\"@type\":\"EntryPoint\",\"urlTemplate\":\"https:\/\/www.ultraseal-impregnation.com\/mx\/?s={search_term_string}\"},\"query-input\":{\"@type\":\"PropertyValueSpecification\",\"valueRequired\":true,\"valueName\":\"search_term_string\"}}],\"inLanguage\":\"es\"}]}<\/script>\n<!-- \/ Yoast SEO plugin. -->","yoast_head_json":{"title":"Selladores, equipos y servicios de impregnaci\u00f3n para el sector marino | Ultraseal International","description":"Selladores, equipos y servicios de impregnaci\u00f3n que proporcionan un sellado definitivo de porosidades en motores, v\u00e1lvulas y cuerpos de bombas marinos. Aprobado por las especificaciones militares de los EE. UU.","robots":{"index":"index","follow":"follow","max-snippet":"max-snippet:-1","max-image-preview":"max-image-preview:large","max-video-preview":"max-video-preview:-1"},"canonical":"https:\/\/www.ultraseal-impregnation.com\/mx\/acerca-de\/industrias\/marino\/","og_locale":"es_MX","og_type":"article","og_title":"Selladores, equipos y servicios de impregnaci\u00f3n para el sector marino | Ultraseal International","og_description":"Selladores, equipos y servicios de impregnaci\u00f3n que proporcionan un sellado definitivo de porosidades en motores, v\u00e1lvulas y cuerpos de bombas marinos. Aprobado por las especificaciones militares de los EE. UU.","og_url":"https:\/\/www.ultraseal-impregnation.com\/mx\/acerca-de\/industrias\/marino\/","og_site_name":"MEXICO","article_modified_time":"2017-11-06T16:13:27+00:00","og_image":[{"width":505,"height":501,"url":"https:\/\/www.ultraseal-impregnation.com\/mx\/wp-content\/uploads\/sites\/7\/2017\/07\/marine-engine.jpg","type":"image\/jpeg"}],"twitter_card":"summary_large_image","schema":{"@context":"https:\/\/schema.org","@graph":[{"@type":"WebPage","@id":"https:\/\/www.ultraseal-impregnation.com\/mx\/acerca-de\/industrias\/marino\/","url":"https:\/\/www.ultraseal-impregnation.com\/mx\/acerca-de\/industrias\/marino\/","name":"Selladores, equipos y servicios de impregnaci\u00f3n para el sector marino | Ultraseal International","isPartOf":{"@id":"https:\/\/www.ultraseal-impregnation.com\/mx\/#website"},"primaryImageOfPage":{"@id":"https:\/\/www.ultraseal-impregnation.com\/mx\/acerca-de\/industrias\/marino\/#primaryimage"},"image":{"@id":"https:\/\/www.ultraseal-impregnation.com\/mx\/acerca-de\/industrias\/marino\/#primaryimage"},"thumbnailUrl":"https:\/\/www.ultraseal-impregnation.com\/mx\/wp-content\/uploads\/sites\/7\/2017\/07\/marine-engine.jpg","datePublished":"2017-07-19T13:30:06+00:00","dateModified":"2017-11-06T16:13:27+00:00","description":"Selladores, equipos y servicios de impregnaci\u00f3n que proporcionan un sellado definitivo de porosidades en motores, v\u00e1lvulas y cuerpos de bombas marinos. Aprobado por las especificaciones militares de los EE. UU.","breadcrumb":{"@id":"https:\/\/www.ultraseal-impregnation.com\/mx\/acerca-de\/industrias\/marino\/#breadcrumb"},"inLanguage":"es","potentialAction":[{"@type":"ReadAction","target":["https:\/\/www.ultraseal-impregnation.com\/mx\/acerca-de\/industrias\/marino\/"]}]},{"@type":"ImageObject","inLanguage":"es","@id":"https:\/\/www.ultraseal-impregnation.com\/mx\/acerca-de\/industrias\/marino\/#primaryimage","url":"https:\/\/www.ultraseal-impregnation.com\/mx\/wp-content\/uploads\/sites\/7\/2017\/07\/marine-engine.jpg","contentUrl":"https:\/\/www.ultraseal-impregnation.com\/mx\/wp-content\/uploads\/sites\/7\/2017\/07\/marine-engine.jpg","width":505,"height":501},{"@type":"BreadcrumbList","@id":"https:\/\/www.ultraseal-impregnation.com\/mx\/acerca-de\/industrias\/marino\/#breadcrumb","itemListElement":[{"@type":"ListItem","position":1,"name":"Home","item":"https:\/\/www.ultraseal-impregnation.com\/mx\/"},{"@type":"ListItem","position":2,"name":"Acerca de","item":"https:\/\/www.ultraseal-impregnation.com\/mx\/acerca-de\/"},{"@type":"ListItem","position":3,"name":"Industrias","item":"https:\/\/www.ultraseal-impregnation.com\/mx\/acerca-de\/industrias\/"},{"@type":"ListItem","position":4,"name":"Marino"}]},{"@type":"WebSite","@id":"https:\/\/www.ultraseal-impregnation.com\/mx\/#website","url":"https:\/\/www.ultraseal-impregnation.com\/mx\/","name":"MEXICO","description":"","potentialAction":[{"@type":"SearchAction","target":{"@type":"EntryPoint","urlTemplate":"https:\/\/www.ultraseal-impregnation.com\/mx\/?s={search_term_string}"},"query-input":{"@type":"PropertyValueSpecification","valueRequired":true,"valueName":"search_term_string"}}],"inLanguage":"es"}]}},"_links":{"self":[{"href":"https:\/\/www.ultraseal-impregnation.com\/mx\/wp-json\/wp\/v2\/pages\/607","targetHints":{"allow":["GET"]}}],"collection":[{"href":"https:\/\/www.ultraseal-impregnation.com\/mx\/wp-json\/wp\/v2\/pages"}],"about":[{"href":"https:\/\/www.ultraseal-impregnation.com\/mx\/wp-json\/wp\/v2\/types\/page"}],"author":[{"embeddable":true,"href":"https:\/\/www.ultraseal-impregnation.com\/mx\/wp-json\/wp\/v2\/users\/1"}],"replies":[{"embeddable":true,"href":"https:\/\/www.ultraseal-impregnation.com\/mx\/wp-json\/wp\/v2\/comments?post=607"}],"version-history":[{"count":2,"href":"https:\/\/www.ultraseal-impregnation.com\/mx\/wp-json\/wp\/v2\/pages\/607\/revisions"}],"predecessor-version":[{"id":2323,"href":"https:\/\/www.ultraseal-impregnation.com\/mx\/wp-json\/wp\/v2\/pages\/607\/revisions\/2323"}],"up":[{"embeddable":true,"href":"https:\/\/www.ultraseal-impregnation.com\/mx\/wp-json\/wp\/v2\/pages\/605"}],"wp:featuredmedia":[{"embeddable":true,"href":"https:\/\/www.ultraseal-impregnation.com\/mx\/wp-json\/wp\/v2\/media\/1171"}],"wp:attachment":[{"href":"https:\/\/www.ultraseal-impregnation.com\/mx\/wp-json\/wp\/v2\/media?parent=607"}],"curies":[{"name":"wp","href":"https:\/\/api.w.org\/{rel}","templated":true}]}}