{"id":614,"date":"2017-07-19T14:37:38","date_gmt":"2017-07-19T13:37:38","guid":{"rendered":"https:\/\/www.ultraseal-impregnation.com\/?page_id=614"},"modified":"2017-11-06T16:11:30","modified_gmt":"2017-11-06T16:11:30","slug":"sector-aeroespacial-defensa","status":"publish","type":"page","link":"https:\/\/www.ultraseal-impregnation.com\/mx\/acerca-de\/industrias\/sector-aeroespacial-defensa\/","title":{"rendered":"Aeroespacial y defensa"},"content":{"rendered":"","protected":false},"excerpt":{"rendered":"<p>En el sector aeroespacial y de defensa no se pueden comprometer ni la calidad ni la fiabilidad. Por esta raz\u00f3n, los fabricantes acuden a nosotros por nuestros conocimientos, experiencia y tecnolog\u00eda probados.<\/p>\n","protected":false},"author":1,"featured_media":1029,"parent":605,"menu_order":0,"comment_status":"closed","ping_status":"closed","template":"","meta":{"footnotes":""},"class_list":["post-614","page","type-page","status-publish","has-post-thumbnail","hentry"],"yoast_head":"<!-- This site is optimized with the Yoast SEO plugin v27.2 - https:\/\/yoast.com\/product\/yoast-seo-wordpress\/ -->\n<title>Selladores, equipos y servicios de impregnaci\u00f3n para el sector aeroespacial y de la defensa | Ultraseal International<\/title>\n<meta name=\"description\" content=\"Obtenga un sellado permanente de porosidades y v\u00edas de fuga con nuestros selladores, equipos y servicios de impregnaci\u00f3n. Aprobados seg\u00fan las especificaciones de Boeing y las especificaciones militares internacionales de los EE.UU.\" \/>\n<meta name=\"robots\" content=\"index, follow, max-snippet:-1, max-image-preview:large, max-video-preview:-1\" \/>\n<link rel=\"canonical\" href=\"https:\/\/www.ultraseal-impregnation.com\/mx\/acerca-de\/industrias\/sector-aeroespacial-defensa\/\" \/>\n<meta property=\"og:locale\" content=\"es_MX\" \/>\n<meta property=\"og:type\" content=\"article\" \/>\n<meta property=\"og:title\" content=\"Selladores, equipos y servicios de impregnaci\u00f3n para el sector aeroespacial y de la defensa | Ultraseal International\" \/>\n<meta property=\"og:description\" content=\"Obtenga un sellado permanente de porosidades y v\u00edas de fuga con nuestros selladores, equipos y servicios de impregnaci\u00f3n. Aprobados seg\u00fan las especificaciones de Boeing y las especificaciones militares internacionales de los EE.UU.\" \/>\n<meta property=\"og:url\" content=\"https:\/\/www.ultraseal-impregnation.com\/mx\/acerca-de\/industrias\/sector-aeroespacial-defensa\/\" \/>\n<meta property=\"og:site_name\" content=\"MEXICO\" \/>\n<meta property=\"article:modified_time\" content=\"2017-11-06T16:11:30+00:00\" \/>\n<meta property=\"og:image\" content=\"https:\/\/www.ultraseal-impregnation.com\/mx\/wp-content\/uploads\/sites\/7\/2017\/07\/13-aerospace-and-defense.jpg\" \/>\n\t<meta property=\"og:image:width\" content=\"505\" \/>\n\t<meta property=\"og:image:height\" content=\"501\" \/>\n\t<meta property=\"og:image:type\" content=\"image\/jpeg\" \/>\n<meta name=\"twitter:card\" content=\"summary_large_image\" \/>\n<script type=\"application\/ld+json\" class=\"yoast-schema-graph\">{\"@context\":\"https:\/\/schema.org\",\"@graph\":[{\"@type\":\"WebPage\",\"@id\":\"https:\/\/www.ultraseal-impregnation.com\/mx\/acerca-de\/industrias\/sector-aeroespacial-defensa\/\",\"url\":\"https:\/\/www.ultraseal-impregnation.com\/mx\/acerca-de\/industrias\/sector-aeroespacial-defensa\/\",\"name\":\"Selladores, equipos y servicios de impregnaci\u00f3n para el sector aeroespacial y de la defensa | Ultraseal International\",\"isPartOf\":{\"@id\":\"https:\/\/www.ultraseal-impregnation.com\/mx\/#website\"},\"primaryImageOfPage\":{\"@id\":\"https:\/\/www.ultraseal-impregnation.com\/mx\/acerca-de\/industrias\/sector-aeroespacial-defensa\/#primaryimage\"},\"image\":{\"@id\":\"https:\/\/www.ultraseal-impregnation.com\/mx\/acerca-de\/industrias\/sector-aeroespacial-defensa\/#primaryimage\"},\"thumbnailUrl\":\"https:\/\/www.ultraseal-impregnation.com\/mx\/wp-content\/uploads\/sites\/7\/2017\/07\/13-aerospace-and-defense.jpg\",\"datePublished\":\"2017-07-19T13:37:38+00:00\",\"dateModified\":\"2017-11-06T16:11:30+00:00\",\"description\":\"Obtenga un sellado permanente de porosidades y v\u00edas de fuga con nuestros selladores, equipos y servicios de impregnaci\u00f3n. Aprobados seg\u00fan las especificaciones de Boeing y las especificaciones militares internacionales de los EE.UU.\",\"breadcrumb\":{\"@id\":\"https:\/\/www.ultraseal-impregnation.com\/mx\/acerca-de\/industrias\/sector-aeroespacial-defensa\/#breadcrumb\"},\"inLanguage\":\"es\",\"potentialAction\":[{\"@type\":\"ReadAction\",\"target\":[\"https:\/\/www.ultraseal-impregnation.com\/mx\/acerca-de\/industrias\/sector-aeroespacial-defensa\/\"]}]},{\"@type\":\"ImageObject\",\"inLanguage\":\"es\",\"@id\":\"https:\/\/www.ultraseal-impregnation.com\/mx\/acerca-de\/industrias\/sector-aeroespacial-defensa\/#primaryimage\",\"url\":\"https:\/\/www.ultraseal-impregnation.com\/mx\/wp-content\/uploads\/sites\/7\/2017\/07\/13-aerospace-and-defense.jpg\",\"contentUrl\":\"https:\/\/www.ultraseal-impregnation.com\/mx\/wp-content\/uploads\/sites\/7\/2017\/07\/13-aerospace-and-defense.jpg\",\"width\":505,\"height\":501},{\"@type\":\"BreadcrumbList\",\"@id\":\"https:\/\/www.ultraseal-impregnation.com\/mx\/acerca-de\/industrias\/sector-aeroespacial-defensa\/#breadcrumb\",\"itemListElement\":[{\"@type\":\"ListItem\",\"position\":1,\"name\":\"Home\",\"item\":\"https:\/\/www.ultraseal-impregnation.com\/mx\/\"},{\"@type\":\"ListItem\",\"position\":2,\"name\":\"Acerca de\",\"item\":\"https:\/\/www.ultraseal-impregnation.com\/mx\/acerca-de\/\"},{\"@type\":\"ListItem\",\"position\":3,\"name\":\"Industrias\",\"item\":\"https:\/\/www.ultraseal-impregnation.com\/mx\/acerca-de\/industrias\/\"},{\"@type\":\"ListItem\",\"position\":4,\"name\":\"Aeroespacial y defensa\"}]},{\"@type\":\"WebSite\",\"@id\":\"https:\/\/www.ultraseal-impregnation.com\/mx\/#website\",\"url\":\"https:\/\/www.ultraseal-impregnation.com\/mx\/\",\"name\":\"MEXICO\",\"description\":\"\",\"potentialAction\":[{\"@type\":\"SearchAction\",\"target\":{\"@type\":\"EntryPoint\",\"urlTemplate\":\"https:\/\/www.ultraseal-impregnation.com\/mx\/?s={search_term_string}\"},\"query-input\":{\"@type\":\"PropertyValueSpecification\",\"valueRequired\":true,\"valueName\":\"search_term_string\"}}],\"inLanguage\":\"es\"}]}<\/script>\n<!-- \/ Yoast SEO plugin. -->","yoast_head_json":{"title":"Selladores, equipos y servicios de impregnaci\u00f3n para el sector aeroespacial y de la defensa | Ultraseal International","description":"Obtenga un sellado permanente de porosidades y v\u00edas de fuga con nuestros selladores, equipos y servicios de impregnaci\u00f3n. Aprobados seg\u00fan las especificaciones de Boeing y las especificaciones militares internacionales de los EE.UU.","robots":{"index":"index","follow":"follow","max-snippet":"max-snippet:-1","max-image-preview":"max-image-preview:large","max-video-preview":"max-video-preview:-1"},"canonical":"https:\/\/www.ultraseal-impregnation.com\/mx\/acerca-de\/industrias\/sector-aeroespacial-defensa\/","og_locale":"es_MX","og_type":"article","og_title":"Selladores, equipos y servicios de impregnaci\u00f3n para el sector aeroespacial y de la defensa | Ultraseal International","og_description":"Obtenga un sellado permanente de porosidades y v\u00edas de fuga con nuestros selladores, equipos y servicios de impregnaci\u00f3n. Aprobados seg\u00fan las especificaciones de Boeing y las especificaciones militares internacionales de los EE.UU.","og_url":"https:\/\/www.ultraseal-impregnation.com\/mx\/acerca-de\/industrias\/sector-aeroespacial-defensa\/","og_site_name":"MEXICO","article_modified_time":"2017-11-06T16:11:30+00:00","og_image":[{"width":505,"height":501,"url":"https:\/\/www.ultraseal-impregnation.com\/mx\/wp-content\/uploads\/sites\/7\/2017\/07\/13-aerospace-and-defense.jpg","type":"image\/jpeg"}],"twitter_card":"summary_large_image","schema":{"@context":"https:\/\/schema.org","@graph":[{"@type":"WebPage","@id":"https:\/\/www.ultraseal-impregnation.com\/mx\/acerca-de\/industrias\/sector-aeroespacial-defensa\/","url":"https:\/\/www.ultraseal-impregnation.com\/mx\/acerca-de\/industrias\/sector-aeroespacial-defensa\/","name":"Selladores, equipos y servicios de impregnaci\u00f3n para el sector aeroespacial y de la defensa | Ultraseal International","isPartOf":{"@id":"https:\/\/www.ultraseal-impregnation.com\/mx\/#website"},"primaryImageOfPage":{"@id":"https:\/\/www.ultraseal-impregnation.com\/mx\/acerca-de\/industrias\/sector-aeroespacial-defensa\/#primaryimage"},"image":{"@id":"https:\/\/www.ultraseal-impregnation.com\/mx\/acerca-de\/industrias\/sector-aeroespacial-defensa\/#primaryimage"},"thumbnailUrl":"https:\/\/www.ultraseal-impregnation.com\/mx\/wp-content\/uploads\/sites\/7\/2017\/07\/13-aerospace-and-defense.jpg","datePublished":"2017-07-19T13:37:38+00:00","dateModified":"2017-11-06T16:11:30+00:00","description":"Obtenga un sellado permanente de porosidades y v\u00edas de fuga con nuestros selladores, equipos y servicios de impregnaci\u00f3n. Aprobados seg\u00fan las especificaciones de Boeing y las especificaciones militares internacionales de los EE.UU.","breadcrumb":{"@id":"https:\/\/www.ultraseal-impregnation.com\/mx\/acerca-de\/industrias\/sector-aeroespacial-defensa\/#breadcrumb"},"inLanguage":"es","potentialAction":[{"@type":"ReadAction","target":["https:\/\/www.ultraseal-impregnation.com\/mx\/acerca-de\/industrias\/sector-aeroespacial-defensa\/"]}]},{"@type":"ImageObject","inLanguage":"es","@id":"https:\/\/www.ultraseal-impregnation.com\/mx\/acerca-de\/industrias\/sector-aeroespacial-defensa\/#primaryimage","url":"https:\/\/www.ultraseal-impregnation.com\/mx\/wp-content\/uploads\/sites\/7\/2017\/07\/13-aerospace-and-defense.jpg","contentUrl":"https:\/\/www.ultraseal-impregnation.com\/mx\/wp-content\/uploads\/sites\/7\/2017\/07\/13-aerospace-and-defense.jpg","width":505,"height":501},{"@type":"BreadcrumbList","@id":"https:\/\/www.ultraseal-impregnation.com\/mx\/acerca-de\/industrias\/sector-aeroespacial-defensa\/#breadcrumb","itemListElement":[{"@type":"ListItem","position":1,"name":"Home","item":"https:\/\/www.ultraseal-impregnation.com\/mx\/"},{"@type":"ListItem","position":2,"name":"Acerca de","item":"https:\/\/www.ultraseal-impregnation.com\/mx\/acerca-de\/"},{"@type":"ListItem","position":3,"name":"Industrias","item":"https:\/\/www.ultraseal-impregnation.com\/mx\/acerca-de\/industrias\/"},{"@type":"ListItem","position":4,"name":"Aeroespacial y defensa"}]},{"@type":"WebSite","@id":"https:\/\/www.ultraseal-impregnation.com\/mx\/#website","url":"https:\/\/www.ultraseal-impregnation.com\/mx\/","name":"MEXICO","description":"","potentialAction":[{"@type":"SearchAction","target":{"@type":"EntryPoint","urlTemplate":"https:\/\/www.ultraseal-impregnation.com\/mx\/?s={search_term_string}"},"query-input":{"@type":"PropertyValueSpecification","valueRequired":true,"valueName":"search_term_string"}}],"inLanguage":"es"}]}},"_links":{"self":[{"href":"https:\/\/www.ultraseal-impregnation.com\/mx\/wp-json\/wp\/v2\/pages\/614","targetHints":{"allow":["GET"]}}],"collection":[{"href":"https:\/\/www.ultraseal-impregnation.com\/mx\/wp-json\/wp\/v2\/pages"}],"about":[{"href":"https:\/\/www.ultraseal-impregnation.com\/mx\/wp-json\/wp\/v2\/types\/page"}],"author":[{"embeddable":true,"href":"https:\/\/www.ultraseal-impregnation.com\/mx\/wp-json\/wp\/v2\/users\/1"}],"replies":[{"embeddable":true,"href":"https:\/\/www.ultraseal-impregnation.com\/mx\/wp-json\/wp\/v2\/comments?post=614"}],"version-history":[{"count":3,"href":"https:\/\/www.ultraseal-impregnation.com\/mx\/wp-json\/wp\/v2\/pages\/614\/revisions"}],"predecessor-version":[{"id":2321,"href":"https:\/\/www.ultraseal-impregnation.com\/mx\/wp-json\/wp\/v2\/pages\/614\/revisions\/2321"}],"up":[{"embeddable":true,"href":"https:\/\/www.ultraseal-impregnation.com\/mx\/wp-json\/wp\/v2\/pages\/605"}],"wp:featuredmedia":[{"embeddable":true,"href":"https:\/\/www.ultraseal-impregnation.com\/mx\/wp-json\/wp\/v2\/media\/1029"}],"wp:attachment":[{"href":"https:\/\/www.ultraseal-impregnation.com\/mx\/wp-json\/wp\/v2\/media?parent=614"}],"curies":[{"name":"wp","href":"https:\/\/api.w.org\/{rel}","templated":true}]}}